{"id":5889,"date":"2022-09-03T13:40:58","date_gmt":"2022-09-03T11:40:58","guid":{"rendered":"https:\/\/haus.oekozenter.lu\/oekofest-2022-informations-staende\/"},"modified":"2022-09-08T16:11:38","modified_gmt":"2022-09-08T14:11:38","slug":"oekofest-2022-stands-dinformation","status":"publish","type":"page","link":"https:\/\/haus.oekozenter.lu\/fr\/oekofest-2022-stands-dinformation\/","title":{"rendered":"Oekofest 2022 \u2013 Stands d&rsquo;information"},"content":{"rendered":"<section class=\"wpb-content-wrapper\"><div class=\"pf-content\"><p>[vc_row][vc_column][vc_column_text]<\/p>\n<h1>Oekofest 2022 \u2013 Stands d&rsquo;information<\/h1>\n<p>[\/vc_column_text][\/vc_column][\/vc_row][vc_row][vc_column][vc_column_text]Contrairement \u00e0 l\u2019Oekofestival, l\u2019Oekofest n\u2019accueille pas de nombreux stands d\u2019exposition. Mais il va de soi que le <strong><a href=\"https:\/\/www.meco.lu\/de\/\" target=\"_blank\" rel=\"noopener\">Mouvement Ecologique<\/a><\/strong>, l\u2019Oekozenter Pafendall et le groupe de jeunes <strong><a href=\"https:\/\/move.meco.lu\/\" target=\"_blank\" rel=\"noopener\">move.<\/a><\/strong> du Mouvement Ecologique vous attendent avec leurs id\u00e9es cr\u00e9atives et se tiendront \u00e0 votre disposition pour r\u00e9pondre \u00e0 vos questions. Chez move, en plus d\u2019un rafra\u00eechissement succulent, un atelier cr\u00e9atif \u2013 o\u00f9 vous pouvez pr\u00e9senter votre vision pour des villes et villages plus verts au Luxembourg \u2013 vous attend.[\/vc_column_text][vc_separator][\/vc_column][\/vc_row][vc_row][vc_column][vc_column_text]<img loading=\"lazy\" decoding=\"async\" class=\"alignnone size-full wp-image-7179 aligncenter\" src=\"http:\/\/projekte.oekozenter.lu\/wp-content\/uploads\/sites\/13\/2022\/09\/Logos-Haus.png\" alt=\"\" width=\"605\" height=\"145\" \/>[\/vc_column_text][vc_separator][\/vc_column][\/vc_row]<\/p>\n<\/div><\/section>","protected":false},"excerpt":{"rendered":"<p>[vc_row][vc_column][vc_column_text] Oekofest 2022 \u2013 Stands d&rsquo;information [\/vc_column_text][\/vc_column][\/vc_row][vc_row][vc_column][vc_column_text]Contrairement \u00e0 l\u2019Oekofestival, l\u2019Oekofest n\u2019accueille pas de nombreux stands d\u2019exposition. Mais il va de soi que le Mouvement Ecologique, l\u2019Oekozenter Pafendall et le groupe de jeunes move. du Mouvement Ecologique vous attendent avec leurs id\u00e9es cr\u00e9atives et se tiendront \u00e0 votre disposition pour r\u00e9pondre \u00e0 vos questions. Chez move, [&hellip;]<\/p>\n","protected":false},"author":11,"featured_media":5776,"parent":0,"menu_order":0,"comment_status":"closed","ping_status":"closed","template":"","meta":{"_acf_changed":false,"footnotes":""},"class_list":["post-5889","page","type-page","status-publish","has-post-thumbnail","hentry"],"acf":[],"yoast_head":"<!-- This site is optimized with the Yoast SEO plugin v27.2 - https:\/\/yoast.com\/product\/yoast-seo-wordpress\/ -->\n<title>Oekofest 2022 \u2013 Stands d&#039;information - Haus<\/title>\n<meta name=\"robots\" content=\"index, follow, max-snippet:-1, max-image-preview:large, max-video-preview:-1\" \/>\n<link rel=\"canonical\" href=\"https:\/\/haus.oekozenter.lu\/oekofest-2022-informations-staende\/\" \/>\n<meta property=\"og:locale\" content=\"fr_FR\" \/>\n<meta property=\"og:type\" content=\"article\" \/>\n<meta property=\"og:title\" content=\"Oekofest 2022 \u2013 Stands d&#039;information - Haus\" \/>\n<meta property=\"og:description\" content=\"[vc_row][vc_column][vc_column_text] Oekofest 2022 \u2013 Stands d&rsquo;information [\/vc_column_text][\/vc_column][\/vc_row][vc_row][vc_column][vc_column_text]Contrairement \u00e0 l\u2019Oekofestival, l\u2019Oekofest n\u2019accueille pas de nombreux stands d\u2019exposition. Mais il va de soi que le Mouvement Ecologique, l\u2019Oekozenter Pafendall et le groupe de jeunes move. du Mouvement Ecologique vous attendent avec leurs id\u00e9es cr\u00e9atives et se tiendront \u00e0 votre disposition pour r\u00e9pondre \u00e0 vos questions. Chez move, [&hellip;]\" \/>\n<meta property=\"og:url\" content=\"https:\/\/haus.oekozenter.lu\/oekofest-2022-informations-staende\/\" \/>\n<meta property=\"og:site_name\" content=\"Haus\" \/>\n<meta property=\"article:modified_time\" content=\"2022-09-08T14:11:38+00:00\" \/>\n<meta property=\"og:image\" content=\"https:\/\/haus.oekozenter.lu\/wp-content\/uploads\/sites\/13\/2022\/09\/Header_Info.png\" \/>\n\t<meta property=\"og:image:width\" content=\"950\" \/>\n\t<meta property=\"og:image:height\" content=\"346\" \/>\n\t<meta property=\"og:image:type\" content=\"image\/png\" \/>\n<meta name=\"twitter:card\" content=\"summary_large_image\" \/>\n<meta name=\"twitter:label1\" content=\"Dur\u00e9e de lecture estim\u00e9e\" \/>\n\t<meta name=\"twitter:data1\" content=\"1 minute\" \/>\n<script type=\"application\/ld+json\" class=\"yoast-schema-graph\">{\"@context\":\"https:\/\/schema.org\",\"@graph\":[{\"@type\":\"WebPage\",\"@id\":\"https:\/\/haus.oekozenter.lu\/oekofest-2022-informations-staende\/\",\"url\":\"https:\/\/haus.oekozenter.lu\/oekofest-2022-informations-staende\/\",\"name\":\"Oekofest 2022 \u2013 Stands d'information - Haus\",\"isPartOf\":{\"@id\":\"https:\/\/haus.oekozenter.lu\/#website\"},\"primaryImageOfPage\":{\"@id\":\"https:\/\/haus.oekozenter.lu\/oekofest-2022-informations-staende\/#primaryimage\"},\"image\":{\"@id\":\"https:\/\/haus.oekozenter.lu\/oekofest-2022-informations-staende\/#primaryimage\"},\"thumbnailUrl\":\"https:\/\/haus.oekozenter.lu\/wp-content\/uploads\/sites\/13\/2022\/09\/Header_Info.png\",\"datePublished\":\"2022-09-03T11:40:58+00:00\",\"dateModified\":\"2022-09-08T14:11:38+00:00\",\"breadcrumb\":{\"@id\":\"https:\/\/haus.oekozenter.lu\/oekofest-2022-informations-staende\/#breadcrumb\"},\"inLanguage\":\"fr-FR\",\"potentialAction\":[{\"@type\":\"ReadAction\",\"target\":[\"https:\/\/haus.oekozenter.lu\/oekofest-2022-informations-staende\/\"]}]},{\"@type\":\"ImageObject\",\"inLanguage\":\"fr-FR\",\"@id\":\"https:\/\/haus.oekozenter.lu\/oekofest-2022-informations-staende\/#primaryimage\",\"url\":\"https:\/\/haus.oekozenter.lu\/wp-content\/uploads\/sites\/13\/2022\/09\/Header_Info.png\",\"contentUrl\":\"https:\/\/haus.oekozenter.lu\/wp-content\/uploads\/sites\/13\/2022\/09\/Header_Info.png\",\"width\":950,\"height\":346},{\"@type\":\"BreadcrumbList\",\"@id\":\"https:\/\/haus.oekozenter.lu\/oekofest-2022-informations-staende\/#breadcrumb\",\"itemListElement\":[{\"@type\":\"ListItem\",\"position\":1,\"name\":\"Home\",\"item\":\"https:\/\/haus.oekozenter.lu\/fr\/\"},{\"@type\":\"ListItem\",\"position\":2,\"name\":\"Oekofest 2022 \u2013 Stands d&#8217;information\"}]},{\"@type\":\"WebSite\",\"@id\":\"https:\/\/haus.oekozenter.lu\/#website\",\"url\":\"https:\/\/haus.oekozenter.lu\/\",\"name\":\"Haus\",\"description\":\"Un site utilisant Mouvement \u00e9cologique Global\",\"potentialAction\":[{\"@type\":\"SearchAction\",\"target\":{\"@type\":\"EntryPoint\",\"urlTemplate\":\"https:\/\/haus.oekozenter.lu\/?s={search_term_string}\"},\"query-input\":{\"@type\":\"PropertyValueSpecification\",\"valueRequired\":true,\"valueName\":\"search_term_string\"}}],\"inLanguage\":\"fr-FR\"}]}<\/script>\n<!-- \/ Yoast SEO plugin. -->","yoast_head_json":{"title":"Oekofest 2022 \u2013 Stands d'information - Haus","robots":{"index":"index","follow":"follow","max-snippet":"max-snippet:-1","max-image-preview":"max-image-preview:large","max-video-preview":"max-video-preview:-1"},"canonical":"https:\/\/haus.oekozenter.lu\/oekofest-2022-informations-staende\/","og_locale":"fr_FR","og_type":"article","og_title":"Oekofest 2022 \u2013 Stands d'information - Haus","og_description":"[vc_row][vc_column][vc_column_text] Oekofest 2022 \u2013 Stands d&rsquo;information [\/vc_column_text][\/vc_column][\/vc_row][vc_row][vc_column][vc_column_text]Contrairement \u00e0 l\u2019Oekofestival, l\u2019Oekofest n\u2019accueille pas de nombreux stands d\u2019exposition. Mais il va de soi que le Mouvement Ecologique, l\u2019Oekozenter Pafendall et le groupe de jeunes move. du Mouvement Ecologique vous attendent avec leurs id\u00e9es cr\u00e9atives et se tiendront \u00e0 votre disposition pour r\u00e9pondre \u00e0 vos questions. Chez move, [&hellip;]","og_url":"https:\/\/haus.oekozenter.lu\/oekofest-2022-informations-staende\/","og_site_name":"Haus","article_modified_time":"2022-09-08T14:11:38+00:00","og_image":[{"width":950,"height":346,"url":"https:\/\/haus.oekozenter.lu\/wp-content\/uploads\/sites\/13\/2022\/09\/Header_Info.png","type":"image\/png"}],"twitter_card":"summary_large_image","twitter_misc":{"Dur\u00e9e de lecture estim\u00e9e":"1 minute"},"schema":{"@context":"https:\/\/schema.org","@graph":[{"@type":"WebPage","@id":"https:\/\/haus.oekozenter.lu\/oekofest-2022-informations-staende\/","url":"https:\/\/haus.oekozenter.lu\/oekofest-2022-informations-staende\/","name":"Oekofest 2022 \u2013 Stands d'information - Haus","isPartOf":{"@id":"https:\/\/haus.oekozenter.lu\/#website"},"primaryImageOfPage":{"@id":"https:\/\/haus.oekozenter.lu\/oekofest-2022-informations-staende\/#primaryimage"},"image":{"@id":"https:\/\/haus.oekozenter.lu\/oekofest-2022-informations-staende\/#primaryimage"},"thumbnailUrl":"https:\/\/haus.oekozenter.lu\/wp-content\/uploads\/sites\/13\/2022\/09\/Header_Info.png","datePublished":"2022-09-03T11:40:58+00:00","dateModified":"2022-09-08T14:11:38+00:00","breadcrumb":{"@id":"https:\/\/haus.oekozenter.lu\/oekofest-2022-informations-staende\/#breadcrumb"},"inLanguage":"fr-FR","potentialAction":[{"@type":"ReadAction","target":["https:\/\/haus.oekozenter.lu\/oekofest-2022-informations-staende\/"]}]},{"@type":"ImageObject","inLanguage":"fr-FR","@id":"https:\/\/haus.oekozenter.lu\/oekofest-2022-informations-staende\/#primaryimage","url":"https:\/\/haus.oekozenter.lu\/wp-content\/uploads\/sites\/13\/2022\/09\/Header_Info.png","contentUrl":"https:\/\/haus.oekozenter.lu\/wp-content\/uploads\/sites\/13\/2022\/09\/Header_Info.png","width":950,"height":346},{"@type":"BreadcrumbList","@id":"https:\/\/haus.oekozenter.lu\/oekofest-2022-informations-staende\/#breadcrumb","itemListElement":[{"@type":"ListItem","position":1,"name":"Home","item":"https:\/\/haus.oekozenter.lu\/fr\/"},{"@type":"ListItem","position":2,"name":"Oekofest 2022 \u2013 Stands d&#8217;information"}]},{"@type":"WebSite","@id":"https:\/\/haus.oekozenter.lu\/#website","url":"https:\/\/haus.oekozenter.lu\/","name":"Haus","description":"Un site utilisant Mouvement \u00e9cologique Global","potentialAction":[{"@type":"SearchAction","target":{"@type":"EntryPoint","urlTemplate":"https:\/\/haus.oekozenter.lu\/?s={search_term_string}"},"query-input":{"@type":"PropertyValueSpecification","valueRequired":true,"valueName":"search_term_string"}}],"inLanguage":"fr-FR"}]}},"_links":{"self":[{"href":"https:\/\/haus.oekozenter.lu\/fr\/wp-json\/wp\/v2\/pages\/5889","targetHints":{"allow":["GET"]}}],"collection":[{"href":"https:\/\/haus.oekozenter.lu\/fr\/wp-json\/wp\/v2\/pages"}],"about":[{"href":"https:\/\/haus.oekozenter.lu\/fr\/wp-json\/wp\/v2\/types\/page"}],"author":[{"embeddable":true,"href":"https:\/\/haus.oekozenter.lu\/fr\/wp-json\/wp\/v2\/users\/11"}],"replies":[{"embeddable":true,"href":"https:\/\/haus.oekozenter.lu\/fr\/wp-json\/wp\/v2\/comments?post=5889"}],"version-history":[{"count":5,"href":"https:\/\/haus.oekozenter.lu\/fr\/wp-json\/wp\/v2\/pages\/5889\/revisions"}],"predecessor-version":[{"id":5894,"href":"https:\/\/haus.oekozenter.lu\/fr\/wp-json\/wp\/v2\/pages\/5889\/revisions\/5894"}],"wp:featuredmedia":[{"embeddable":true,"href":"https:\/\/haus.oekozenter.lu\/fr\/wp-json\/wp\/v2\/media\/5776"}],"wp:attachment":[{"href":"https:\/\/haus.oekozenter.lu\/fr\/wp-json\/wp\/v2\/media?parent=5889"}],"curies":[{"name":"wp","href":"https:\/\/api.w.org\/{rel}","templated":true}]}}