{"id":4079,"date":"2014-06-19T14:43:50","date_gmt":"2014-06-19T14:43:50","guid":{"rendered":"https:\/\/haus.oekozenter.lu\/weiterbildung\/"},"modified":"2021-09-21T09:58:44","modified_gmt":"2021-09-21T07:58:44","slug":"offres-de-formation","status":"publish","type":"page","link":"https:\/\/haus.oekozenter.lu\/fr\/offres-de-formation\/","title":{"rendered":"Offres de formation"},"content":{"rendered":"<div class=\"pf-content\"><h2>La formation continue &#8211; une de nos priorit\u00e9s<\/h2>\n<p>Notre association organise r\u00e9guli\u00e8rement des cours de formation, des s\u00e9minaires et des conf\u00e9rences sur diff\u00e9rents aspects du d\u00e9veloppement durable, notamment l&rsquo;agriculture, la consommation durable, la construction et le logement, la conservation de la nature, etc.<\/p>\n<p>L&rsquo;Oekozenter Pafendall est reconnu par le minist\u00e8re de l&rsquo;\u00c9ducation nationale, de l&rsquo;Enfance et de la Jeunesse comme \u00ab\u00a0Organisateur de cours de formation professionnelle continue\u00a0\u00bb et peut donc d\u00e9livrer des certificats de participation pour de tels \u00e9v\u00e9nements.<\/p>\n<p>Sur cette page nous vous proposons un aper\u00e7u des diff\u00e9rentes formations.<\/p>\n<\/div>","protected":false},"excerpt":{"rendered":"<p>La formation continue &#8211; une de nos priorit\u00e9s Notre association organise r\u00e9guli\u00e8rement des cours de formation, des s\u00e9minaires et des conf\u00e9rences sur diff\u00e9rents aspects du d\u00e9veloppement durable, notamment l&rsquo;agriculture, la consommation durable, la construction et le logement, la conservation de la nature, etc. L&rsquo;Oekozenter Pafendall est reconnu par le minist\u00e8re de l&rsquo;\u00c9ducation nationale, de l&rsquo;Enfance [&hellip;]<\/p>\n","protected":false},"author":1,"featured_media":3870,"parent":0,"menu_order":4,"comment_status":"closed","ping_status":"closed","template":"template-weiterbildung.php","meta":{"_acf_changed":false,"footnotes":""},"class_list":["post-4079","page","type-page","status-publish","has-post-thumbnail","hentry"],"acf":[],"yoast_head":"<!-- This site is optimized with the Yoast SEO plugin v27.2 - https:\/\/yoast.com\/product\/yoast-seo-wordpress\/ -->\n<title>La formation continue - une de nos priorit\u00e9s<\/title>\n<meta name=\"description\" content=\"L&#039;Oekozenter Pafendall est reconnu par le minist\u00e8re de l&#039;\u00c9ducation comme &quot;Organisateur de cours de formation professionnelle continue&quot;\" \/>\n<meta name=\"robots\" content=\"index, follow, max-snippet:-1, max-image-preview:large, max-video-preview:-1\" \/>\n<link rel=\"canonical\" href=\"https:\/\/haus.oekozenter.lu\/weiterbildung\/\" \/>\n<meta property=\"og:locale\" content=\"fr_FR\" \/>\n<meta property=\"og:type\" content=\"article\" \/>\n<meta property=\"og:title\" content=\"La formation continue - une de nos priorit\u00e9s\" \/>\n<meta property=\"og:description\" content=\"L&#039;Oekozenter Pafendall est reconnu par le minist\u00e8re de l&#039;\u00c9ducation comme &quot;Organisateur de cours de formation professionnelle continue&quot;\" \/>\n<meta property=\"og:url\" content=\"https:\/\/haus.oekozenter.lu\/weiterbildung\/\" \/>\n<meta property=\"og:site_name\" content=\"Haus\" \/>\n<meta property=\"article:modified_time\" content=\"2021-09-21T07:58:44+00:00\" \/>\n<meta property=\"og:image\" content=\"https:\/\/haus.oekozenter.lu\/wp-content\/uploads\/sites\/13\/2021\/08\/Weiterbildung_Slider_Haus-1.jpg\" \/>\n\t<meta property=\"og:image:width\" content=\"950\" \/>\n\t<meta property=\"og:image:height\" content=\"338\" \/>\n\t<meta property=\"og:image:type\" content=\"image\/jpeg\" \/>\n<meta name=\"twitter:card\" content=\"summary_large_image\" \/>\n<meta name=\"twitter:label1\" content=\"Dur\u00e9e de lecture estim\u00e9e\" \/>\n\t<meta name=\"twitter:data1\" content=\"1 minute\" \/>\n<script type=\"application\/ld+json\" class=\"yoast-schema-graph\">{\"@context\":\"https:\/\/schema.org\",\"@graph\":[{\"@type\":\"WebPage\",\"@id\":\"https:\/\/haus.oekozenter.lu\/weiterbildung\/\",\"url\":\"https:\/\/haus.oekozenter.lu\/weiterbildung\/\",\"name\":\"La formation continue - une de nos priorit\u00e9s\",\"isPartOf\":{\"@id\":\"https:\/\/haus.oekozenter.lu\/#website\"},\"primaryImageOfPage\":{\"@id\":\"https:\/\/haus.oekozenter.lu\/weiterbildung\/#primaryimage\"},\"image\":{\"@id\":\"https:\/\/haus.oekozenter.lu\/weiterbildung\/#primaryimage\"},\"thumbnailUrl\":\"https:\/\/haus.oekozenter.lu\/wp-content\/uploads\/sites\/13\/2021\/08\/Weiterbildung_Slider_Haus-1.jpg\",\"datePublished\":\"2014-06-19T14:43:50+00:00\",\"dateModified\":\"2021-09-21T07:58:44+00:00\",\"description\":\"L'Oekozenter Pafendall est reconnu par le minist\u00e8re de l'\u00c9ducation comme \\\"Organisateur de cours de formation professionnelle continue\\\"\",\"breadcrumb\":{\"@id\":\"https:\/\/haus.oekozenter.lu\/weiterbildung\/#breadcrumb\"},\"inLanguage\":\"fr-FR\",\"potentialAction\":[{\"@type\":\"ReadAction\",\"target\":[\"https:\/\/haus.oekozenter.lu\/weiterbildung\/\"]}]},{\"@type\":\"ImageObject\",\"inLanguage\":\"fr-FR\",\"@id\":\"https:\/\/haus.oekozenter.lu\/weiterbildung\/#primaryimage\",\"url\":\"https:\/\/haus.oekozenter.lu\/wp-content\/uploads\/sites\/13\/2021\/08\/Weiterbildung_Slider_Haus-1.jpg\",\"contentUrl\":\"https:\/\/haus.oekozenter.lu\/wp-content\/uploads\/sites\/13\/2021\/08\/Weiterbildung_Slider_Haus-1.jpg\",\"width\":950,\"height\":338},{\"@type\":\"BreadcrumbList\",\"@id\":\"https:\/\/haus.oekozenter.lu\/weiterbildung\/#breadcrumb\",\"itemListElement\":[{\"@type\":\"ListItem\",\"position\":1,\"name\":\"Home\",\"item\":\"https:\/\/haus.oekozenter.lu\/fr\/\"},{\"@type\":\"ListItem\",\"position\":2,\"name\":\"Offres de formation\"}]},{\"@type\":\"WebSite\",\"@id\":\"https:\/\/haus.oekozenter.lu\/#website\",\"url\":\"https:\/\/haus.oekozenter.lu\/\",\"name\":\"Haus\",\"description\":\"Un site utilisant Mouvement \u00e9cologique Global\",\"potentialAction\":[{\"@type\":\"SearchAction\",\"target\":{\"@type\":\"EntryPoint\",\"urlTemplate\":\"https:\/\/haus.oekozenter.lu\/?s={search_term_string}\"},\"query-input\":{\"@type\":\"PropertyValueSpecification\",\"valueRequired\":true,\"valueName\":\"search_term_string\"}}],\"inLanguage\":\"fr-FR\"}]}<\/script>\n<!-- \/ Yoast SEO plugin. -->","yoast_head_json":{"title":"La formation continue - une de nos priorit\u00e9s","description":"L'Oekozenter Pafendall est reconnu par le minist\u00e8re de l'\u00c9ducation comme \"Organisateur de cours de formation professionnelle continue\"","robots":{"index":"index","follow":"follow","max-snippet":"max-snippet:-1","max-image-preview":"max-image-preview:large","max-video-preview":"max-video-preview:-1"},"canonical":"https:\/\/haus.oekozenter.lu\/weiterbildung\/","og_locale":"fr_FR","og_type":"article","og_title":"La formation continue - une de nos priorit\u00e9s","og_description":"L'Oekozenter Pafendall est reconnu par le minist\u00e8re de l'\u00c9ducation comme \"Organisateur de cours de formation professionnelle continue\"","og_url":"https:\/\/haus.oekozenter.lu\/weiterbildung\/","og_site_name":"Haus","article_modified_time":"2021-09-21T07:58:44+00:00","og_image":[{"width":950,"height":338,"url":"https:\/\/haus.oekozenter.lu\/wp-content\/uploads\/sites\/13\/2021\/08\/Weiterbildung_Slider_Haus-1.jpg","type":"image\/jpeg"}],"twitter_card":"summary_large_image","twitter_misc":{"Dur\u00e9e de lecture estim\u00e9e":"1 minute"},"schema":{"@context":"https:\/\/schema.org","@graph":[{"@type":"WebPage","@id":"https:\/\/haus.oekozenter.lu\/weiterbildung\/","url":"https:\/\/haus.oekozenter.lu\/weiterbildung\/","name":"La formation continue - une de nos priorit\u00e9s","isPartOf":{"@id":"https:\/\/haus.oekozenter.lu\/#website"},"primaryImageOfPage":{"@id":"https:\/\/haus.oekozenter.lu\/weiterbildung\/#primaryimage"},"image":{"@id":"https:\/\/haus.oekozenter.lu\/weiterbildung\/#primaryimage"},"thumbnailUrl":"https:\/\/haus.oekozenter.lu\/wp-content\/uploads\/sites\/13\/2021\/08\/Weiterbildung_Slider_Haus-1.jpg","datePublished":"2014-06-19T14:43:50+00:00","dateModified":"2021-09-21T07:58:44+00:00","description":"L'Oekozenter Pafendall est reconnu par le minist\u00e8re de l'\u00c9ducation comme \"Organisateur de cours de formation professionnelle continue\"","breadcrumb":{"@id":"https:\/\/haus.oekozenter.lu\/weiterbildung\/#breadcrumb"},"inLanguage":"fr-FR","potentialAction":[{"@type":"ReadAction","target":["https:\/\/haus.oekozenter.lu\/weiterbildung\/"]}]},{"@type":"ImageObject","inLanguage":"fr-FR","@id":"https:\/\/haus.oekozenter.lu\/weiterbildung\/#primaryimage","url":"https:\/\/haus.oekozenter.lu\/wp-content\/uploads\/sites\/13\/2021\/08\/Weiterbildung_Slider_Haus-1.jpg","contentUrl":"https:\/\/haus.oekozenter.lu\/wp-content\/uploads\/sites\/13\/2021\/08\/Weiterbildung_Slider_Haus-1.jpg","width":950,"height":338},{"@type":"BreadcrumbList","@id":"https:\/\/haus.oekozenter.lu\/weiterbildung\/#breadcrumb","itemListElement":[{"@type":"ListItem","position":1,"name":"Home","item":"https:\/\/haus.oekozenter.lu\/fr\/"},{"@type":"ListItem","position":2,"name":"Offres de formation"}]},{"@type":"WebSite","@id":"https:\/\/haus.oekozenter.lu\/#website","url":"https:\/\/haus.oekozenter.lu\/","name":"Haus","description":"Un site utilisant Mouvement \u00e9cologique Global","potentialAction":[{"@type":"SearchAction","target":{"@type":"EntryPoint","urlTemplate":"https:\/\/haus.oekozenter.lu\/?s={search_term_string}"},"query-input":{"@type":"PropertyValueSpecification","valueRequired":true,"valueName":"search_term_string"}}],"inLanguage":"fr-FR"}]}},"_links":{"self":[{"href":"https:\/\/haus.oekozenter.lu\/fr\/wp-json\/wp\/v2\/pages\/4079","targetHints":{"allow":["GET"]}}],"collection":[{"href":"https:\/\/haus.oekozenter.lu\/fr\/wp-json\/wp\/v2\/pages"}],"about":[{"href":"https:\/\/haus.oekozenter.lu\/fr\/wp-json\/wp\/v2\/types\/page"}],"author":[{"embeddable":true,"href":"https:\/\/haus.oekozenter.lu\/fr\/wp-json\/wp\/v2\/users\/1"}],"replies":[{"embeddable":true,"href":"https:\/\/haus.oekozenter.lu\/fr\/wp-json\/wp\/v2\/comments?post=4079"}],"version-history":[{"count":1,"href":"https:\/\/haus.oekozenter.lu\/fr\/wp-json\/wp\/v2\/pages\/4079\/revisions"}],"predecessor-version":[{"id":4081,"href":"https:\/\/haus.oekozenter.lu\/fr\/wp-json\/wp\/v2\/pages\/4079\/revisions\/4081"}],"wp:featuredmedia":[{"embeddable":true,"href":"https:\/\/haus.oekozenter.lu\/fr\/wp-json\/wp\/v2\/media\/3870"}],"wp:attachment":[{"href":"https:\/\/haus.oekozenter.lu\/fr\/wp-json\/wp\/v2\/media?parent=4079"}],"curies":[{"name":"wp","href":"https:\/\/api.w.org\/{rel}","templated":true}]}}