{"id":4072,"date":"2020-11-26T10:14:26","date_gmt":"2020-11-26T09:14:26","guid":{"rendered":"https:\/\/haus.oekozenter.lu\/fakten-zum-haus\/"},"modified":"2021-10-08T09:17:40","modified_gmt":"2021-10-08T07:17:40","slug":"quelques-faits-sur-le-batiment","status":"publish","type":"page","link":"https:\/\/haus.oekozenter.lu\/fr\/quelques-faits-sur-le-batiment\/","title":{"rendered":"Quelques faits sur le b\u00e2timent"},"content":{"rendered":"<div class=\"pf-content\"><h2>Une construction exemplaire selon des crit\u00e8res \u00e9cologiques<\/h2>\n<p>Le b\u00e2timent passif est tout \u00e0 fait unique avec son design int\u00e9rieur choisi en fonction de crit\u00e8res \u00e9cologiques, ses locaux fonctionnels et son emplacement dans la banlieue de Pfaffenthal ainsi que la vue impressionnante sur le Bockfelsen et la Ville haute. L&rsquo;Oekozenter est \u00e9galement un b\u00e2timent \u00e9cologique mod\u00e8le. Une grande importance a \u00e9t\u00e9 accord\u00e9e \u00e0 l&rsquo;orientation \u00e9cologique lors de la planification et de la construction: du bois certifi\u00e9 a \u00e9t\u00e9 utilis\u00e9 pour la construction en bois, des normes \u00e9nerg\u00e9tiques \u00e9lev\u00e9es ont \u00e9t\u00e9 fix\u00e9es et l&rsquo;accent a \u00e9t\u00e9 mis sur la protection des ressources. De cette mani\u00e8re le centre peut \u00e9galement inciter d&rsquo;autres acteurs \u00e0 prendre davantage en compte les aspects \u00e9cologiques dans la planification et la construction. Vous trouverez des informations d\u00e9taill\u00e9es sur le b\u00e2timent dans les \u00ab Downloads \u00bb.<\/p>\n<\/div>","protected":false},"excerpt":{"rendered":"<p>Une construction exemplaire selon des crit\u00e8res \u00e9cologiques Le b\u00e2timent passif est tout \u00e0 fait unique avec son design int\u00e9rieur choisi en fonction de crit\u00e8res \u00e9cologiques, ses locaux fonctionnels et son emplacement dans la banlieue de Pfaffenthal ainsi que la vue impressionnante sur le Bockfelsen et la Ville haute. L&rsquo;Oekozenter est \u00e9galement un b\u00e2timent \u00e9cologique mod\u00e8le. [&hellip;]<\/p>\n","protected":false},"author":11,"featured_media":4047,"parent":0,"menu_order":0,"comment_status":"closed","ping_status":"closed","template":"","meta":{"_acf_changed":false,"footnotes":""},"class_list":["post-4072","page","type-page","status-publish","has-post-thumbnail","hentry"],"acf":[],"yoast_head":"<!-- This site is optimized with the Yoast SEO plugin v27.2 - https:\/\/yoast.com\/product\/yoast-seo-wordpress\/ -->\n<title>Oekozenter Pafdall - Faits int\u00e9ressants sur la construction du b\u00e2timent<\/title>\n<meta name=\"description\" content=\"Lors de la planification et de la construction de l&#039;Oekozenter, une grande importance a \u00e9t\u00e9 accord\u00e9e \u00e0 l&#039;orientation \u00e9cologique.\" \/>\n<meta name=\"robots\" content=\"index, follow, max-snippet:-1, max-image-preview:large, max-video-preview:-1\" \/>\n<link rel=\"canonical\" href=\"https:\/\/haus.oekozenter.lu\/fakten-zum-haus\/\" \/>\n<meta property=\"og:locale\" content=\"fr_FR\" \/>\n<meta property=\"og:type\" content=\"article\" \/>\n<meta property=\"og:title\" content=\"Oekozenter Pafdall - Faits int\u00e9ressants sur la construction du b\u00e2timent\" \/>\n<meta property=\"og:description\" content=\"Lors de la planification et de la construction de l&#039;Oekozenter, une grande importance a \u00e9t\u00e9 accord\u00e9e \u00e0 l&#039;orientation \u00e9cologique.\" \/>\n<meta property=\"og:url\" content=\"https:\/\/haus.oekozenter.lu\/fakten-zum-haus\/\" \/>\n<meta property=\"og:site_name\" content=\"Haus\" \/>\n<meta property=\"article:modified_time\" content=\"2021-10-08T07:17:40+00:00\" \/>\n<meta property=\"og:image\" content=\"https:\/\/haus.oekozenter.lu\/wp-content\/uploads\/sites\/13\/2020\/09\/moodbild_Oekozenter__web.jpg\" \/>\n\t<meta property=\"og:image:width\" content=\"950\" \/>\n\t<meta property=\"og:image:height\" content=\"450\" \/>\n\t<meta property=\"og:image:type\" content=\"image\/jpeg\" \/>\n<meta name=\"twitter:card\" content=\"summary_large_image\" \/>\n<meta name=\"twitter:label1\" content=\"Dur\u00e9e de lecture estim\u00e9e\" \/>\n\t<meta name=\"twitter:data1\" content=\"1 minute\" \/>\n<script type=\"application\/ld+json\" class=\"yoast-schema-graph\">{\"@context\":\"https:\/\/schema.org\",\"@graph\":[{\"@type\":\"WebPage\",\"@id\":\"https:\/\/haus.oekozenter.lu\/fakten-zum-haus\/\",\"url\":\"https:\/\/haus.oekozenter.lu\/fakten-zum-haus\/\",\"name\":\"Oekozenter Pafdall - Faits int\u00e9ressants sur la construction du b\u00e2timent\",\"isPartOf\":{\"@id\":\"https:\/\/haus.oekozenter.lu\/#website\"},\"primaryImageOfPage\":{\"@id\":\"https:\/\/haus.oekozenter.lu\/fakten-zum-haus\/#primaryimage\"},\"image\":{\"@id\":\"https:\/\/haus.oekozenter.lu\/fakten-zum-haus\/#primaryimage\"},\"thumbnailUrl\":\"https:\/\/haus.oekozenter.lu\/wp-content\/uploads\/sites\/13\/2020\/09\/moodbild_Oekozenter__web.jpg\",\"datePublished\":\"2020-11-26T09:14:26+00:00\",\"dateModified\":\"2021-10-08T07:17:40+00:00\",\"description\":\"Lors de la planification et de la construction de l'Oekozenter, une grande importance a \u00e9t\u00e9 accord\u00e9e \u00e0 l'orientation \u00e9cologique.\",\"breadcrumb\":{\"@id\":\"https:\/\/haus.oekozenter.lu\/fakten-zum-haus\/#breadcrumb\"},\"inLanguage\":\"fr-FR\",\"potentialAction\":[{\"@type\":\"ReadAction\",\"target\":[\"https:\/\/haus.oekozenter.lu\/fakten-zum-haus\/\"]}]},{\"@type\":\"ImageObject\",\"inLanguage\":\"fr-FR\",\"@id\":\"https:\/\/haus.oekozenter.lu\/fakten-zum-haus\/#primaryimage\",\"url\":\"https:\/\/haus.oekozenter.lu\/wp-content\/uploads\/sites\/13\/2020\/09\/moodbild_Oekozenter__web.jpg\",\"contentUrl\":\"https:\/\/haus.oekozenter.lu\/wp-content\/uploads\/sites\/13\/2020\/09\/moodbild_Oekozenter__web.jpg\",\"width\":950,\"height\":450},{\"@type\":\"BreadcrumbList\",\"@id\":\"https:\/\/haus.oekozenter.lu\/fakten-zum-haus\/#breadcrumb\",\"itemListElement\":[{\"@type\":\"ListItem\",\"position\":1,\"name\":\"Home\",\"item\":\"https:\/\/haus.oekozenter.lu\/fr\/\"},{\"@type\":\"ListItem\",\"position\":2,\"name\":\"Quelques faits sur le b\u00e2timent\"}]},{\"@type\":\"WebSite\",\"@id\":\"https:\/\/haus.oekozenter.lu\/#website\",\"url\":\"https:\/\/haus.oekozenter.lu\/\",\"name\":\"Haus\",\"description\":\"Un site utilisant Mouvement \u00e9cologique Global\",\"potentialAction\":[{\"@type\":\"SearchAction\",\"target\":{\"@type\":\"EntryPoint\",\"urlTemplate\":\"https:\/\/haus.oekozenter.lu\/?s={search_term_string}\"},\"query-input\":{\"@type\":\"PropertyValueSpecification\",\"valueRequired\":true,\"valueName\":\"search_term_string\"}}],\"inLanguage\":\"fr-FR\"}]}<\/script>\n<!-- \/ Yoast SEO plugin. -->","yoast_head_json":{"title":"Oekozenter Pafdall - Faits int\u00e9ressants sur la construction du b\u00e2timent","description":"Lors de la planification et de la construction de l'Oekozenter, une grande importance a \u00e9t\u00e9 accord\u00e9e \u00e0 l'orientation \u00e9cologique.","robots":{"index":"index","follow":"follow","max-snippet":"max-snippet:-1","max-image-preview":"max-image-preview:large","max-video-preview":"max-video-preview:-1"},"canonical":"https:\/\/haus.oekozenter.lu\/fakten-zum-haus\/","og_locale":"fr_FR","og_type":"article","og_title":"Oekozenter Pafdall - Faits int\u00e9ressants sur la construction du b\u00e2timent","og_description":"Lors de la planification et de la construction de l'Oekozenter, une grande importance a \u00e9t\u00e9 accord\u00e9e \u00e0 l'orientation \u00e9cologique.","og_url":"https:\/\/haus.oekozenter.lu\/fakten-zum-haus\/","og_site_name":"Haus","article_modified_time":"2021-10-08T07:17:40+00:00","og_image":[{"width":950,"height":450,"url":"https:\/\/haus.oekozenter.lu\/wp-content\/uploads\/sites\/13\/2020\/09\/moodbild_Oekozenter__web.jpg","type":"image\/jpeg"}],"twitter_card":"summary_large_image","twitter_misc":{"Dur\u00e9e de lecture estim\u00e9e":"1 minute"},"schema":{"@context":"https:\/\/schema.org","@graph":[{"@type":"WebPage","@id":"https:\/\/haus.oekozenter.lu\/fakten-zum-haus\/","url":"https:\/\/haus.oekozenter.lu\/fakten-zum-haus\/","name":"Oekozenter Pafdall - Faits int\u00e9ressants sur la construction du b\u00e2timent","isPartOf":{"@id":"https:\/\/haus.oekozenter.lu\/#website"},"primaryImageOfPage":{"@id":"https:\/\/haus.oekozenter.lu\/fakten-zum-haus\/#primaryimage"},"image":{"@id":"https:\/\/haus.oekozenter.lu\/fakten-zum-haus\/#primaryimage"},"thumbnailUrl":"https:\/\/haus.oekozenter.lu\/wp-content\/uploads\/sites\/13\/2020\/09\/moodbild_Oekozenter__web.jpg","datePublished":"2020-11-26T09:14:26+00:00","dateModified":"2021-10-08T07:17:40+00:00","description":"Lors de la planification et de la construction de l'Oekozenter, une grande importance a \u00e9t\u00e9 accord\u00e9e \u00e0 l'orientation \u00e9cologique.","breadcrumb":{"@id":"https:\/\/haus.oekozenter.lu\/fakten-zum-haus\/#breadcrumb"},"inLanguage":"fr-FR","potentialAction":[{"@type":"ReadAction","target":["https:\/\/haus.oekozenter.lu\/fakten-zum-haus\/"]}]},{"@type":"ImageObject","inLanguage":"fr-FR","@id":"https:\/\/haus.oekozenter.lu\/fakten-zum-haus\/#primaryimage","url":"https:\/\/haus.oekozenter.lu\/wp-content\/uploads\/sites\/13\/2020\/09\/moodbild_Oekozenter__web.jpg","contentUrl":"https:\/\/haus.oekozenter.lu\/wp-content\/uploads\/sites\/13\/2020\/09\/moodbild_Oekozenter__web.jpg","width":950,"height":450},{"@type":"BreadcrumbList","@id":"https:\/\/haus.oekozenter.lu\/fakten-zum-haus\/#breadcrumb","itemListElement":[{"@type":"ListItem","position":1,"name":"Home","item":"https:\/\/haus.oekozenter.lu\/fr\/"},{"@type":"ListItem","position":2,"name":"Quelques faits sur le b\u00e2timent"}]},{"@type":"WebSite","@id":"https:\/\/haus.oekozenter.lu\/#website","url":"https:\/\/haus.oekozenter.lu\/","name":"Haus","description":"Un site utilisant Mouvement \u00e9cologique Global","potentialAction":[{"@type":"SearchAction","target":{"@type":"EntryPoint","urlTemplate":"https:\/\/haus.oekozenter.lu\/?s={search_term_string}"},"query-input":{"@type":"PropertyValueSpecification","valueRequired":true,"valueName":"search_term_string"}}],"inLanguage":"fr-FR"}]}},"_links":{"self":[{"href":"https:\/\/haus.oekozenter.lu\/fr\/wp-json\/wp\/v2\/pages\/4072","targetHints":{"allow":["GET"]}}],"collection":[{"href":"https:\/\/haus.oekozenter.lu\/fr\/wp-json\/wp\/v2\/pages"}],"about":[{"href":"https:\/\/haus.oekozenter.lu\/fr\/wp-json\/wp\/v2\/types\/page"}],"author":[{"embeddable":true,"href":"https:\/\/haus.oekozenter.lu\/fr\/wp-json\/wp\/v2\/users\/11"}],"replies":[{"embeddable":true,"href":"https:\/\/haus.oekozenter.lu\/fr\/wp-json\/wp\/v2\/comments?post=4072"}],"version-history":[{"count":2,"href":"https:\/\/haus.oekozenter.lu\/fr\/wp-json\/wp\/v2\/pages\/4072\/revisions"}],"predecessor-version":[{"id":4718,"href":"https:\/\/haus.oekozenter.lu\/fr\/wp-json\/wp\/v2\/pages\/4072\/revisions\/4718"}],"wp:featuredmedia":[{"embeddable":true,"href":"https:\/\/haus.oekozenter.lu\/fr\/wp-json\/wp\/v2\/media\/4047"}],"wp:attachment":[{"href":"https:\/\/haus.oekozenter.lu\/fr\/wp-json\/wp\/v2\/media?parent=4072"}],"curies":[{"name":"wp","href":"https:\/\/api.w.org\/{rel}","templated":true}]}}