{"id":4064,"date":"2015-06-05T07:52:35","date_gmt":"2015-06-05T07:52:35","guid":{"rendered":"https:\/\/haus.oekozenter.lu\/bistro-oekosoph-im-oekozenter-pafendall\/"},"modified":"2026-02-27T11:59:36","modified_gmt":"2026-02-27T10:59:36","slug":"le-bistro-oekosoph","status":"publish","type":"page","link":"https:\/\/haus.oekozenter.lu\/fr\/le-bistro-oekosoph\/","title":{"rendered":"Le bistro Oekosoph"},"content":{"rendered":"<div class=\"pf-content\"><h1>Oekosoph \u2013 Le bistro \u00e0 l\u2019Oekozenter Pafendall<\/h1>\n<p><img loading=\"lazy\" decoding=\"async\" class=\"alignright wp-image-6920 size-thumbnail\" src=\"https:\/\/haus.oekozenter.lu\/wp-content\/uploads\/sites\/13\/2026\/02\/logo-Oekosoph-150x150.png\" alt=\"\" width=\"150\" height=\"150\" srcset=\"https:\/\/haus.oekozenter.lu\/wp-content\/uploads\/sites\/13\/2026\/02\/logo-Oekosoph-150x150.png 150w, https:\/\/haus.oekozenter.lu\/wp-content\/uploads\/sites\/13\/2026\/02\/logo-Oekosoph-213x214.png 213w, https:\/\/haus.oekozenter.lu\/wp-content\/uploads\/sites\/13\/2026\/02\/logo-Oekosoph-288x288.png 288w, https:\/\/haus.oekozenter.lu\/wp-content\/uploads\/sites\/13\/2026\/02\/logo-Oekosoph.png 300w\" sizes=\"auto, (max-width: 150px) 100vw, 150px\" \/>Vous recherchez un restaurant agr\u00e9able pour vous d\u00e9tendre pendant votre pause de midi, pour \u00ab\u00a0l&rsquo;apr\u00e8s-travail\u00a0\u00bb ou pour d\u00eener avec des amis le soir en toute tranquillit\u00e9 ? Le restaurant Oekosoph est sp\u00e9cialis\u00e9 dans les plats de viande, v\u00e9g\u00e9tariens et v\u00e9g\u00e9taliens biologiques, r\u00e9gionaux et de saison. Gr\u00e2ce \u00e0 son emplacement au milieu du magnifique \u00ab\u00a0Pafendall\u00a0\u00bb il offre une atmosph\u00e8re unique en toute saison. Nous nous r\u00e9jouissons de votre visite. Trouvez le menu, les plats du jour et toutes les informations utiles sur le site <a href=\"http:\/\/www.oekosoph.lu\" target=\"_blank\" rel=\"noopener\">www.oekosoph.lu<\/a>.<\/p>\n<p><strong>Contact et r\u00e9servation:<\/strong><\/p>\n<p>Oekosoph Restaurant<br \/>\n6, rue Vauban, L \u2013 2663 Luxemburg<\/p>\n<p>E-mail: <a href=\"mailto:oekosoph@oeko.lu\" target=\"_blank\" rel=\"noopener\">oekosoph@oeko.lu<\/a><br \/>\nT\u00e9l. (+352) 439030-91<br \/>\nGSM (+352) Tel 621 297242<\/p>\n<p><a href=\"http:\/\/www.oekosoph.lu\" target=\"_blank\" rel=\"noopener\">www.oekosoph.lu<\/a><\/p>\n<p>&nbsp;<\/p>\n<\/div>","protected":false},"excerpt":{"rendered":"<p>Oekosoph \u2013 Le bistro \u00e0 l\u2019Oekozenter Pafendall Vous recherchez un restaurant agr\u00e9able pour vous d\u00e9tendre pendant votre pause de midi, pour \u00ab\u00a0l&rsquo;apr\u00e8s-travail\u00a0\u00bb ou pour d\u00eener avec des amis le soir en toute tranquillit\u00e9 ? Le restaurant Oekosoph est sp\u00e9cialis\u00e9 dans les plats de viande, v\u00e9g\u00e9tariens et v\u00e9g\u00e9taliens biologiques, r\u00e9gionaux et de saison. Gr\u00e2ce \u00e0 son [&hellip;]<\/p>\n","protected":false},"author":1,"featured_media":3421,"parent":0,"menu_order":0,"comment_status":"closed","ping_status":"closed","template":"","meta":{"_acf_changed":false,"footnotes":""},"class_list":["post-4064","page","type-page","status-publish","has-post-thumbnail","hentry"],"acf":[],"yoast_head":"<!-- This site is optimized with the Yoast SEO plugin v27.2 - https:\/\/yoast.com\/product\/yoast-seo-wordpress\/ -->\n<title>Le bistro Oekosoph - Haus<\/title>\n<meta name=\"robots\" content=\"index, follow, max-snippet:-1, max-image-preview:large, max-video-preview:-1\" \/>\n<link rel=\"canonical\" href=\"https:\/\/haus.oekozenter.lu\/fr\/le-bistro-oekosoph\/\" \/>\n<meta property=\"og:locale\" content=\"fr_FR\" \/>\n<meta property=\"og:type\" content=\"article\" \/>\n<meta property=\"og:title\" content=\"Le bistro Oekosoph - Haus\" \/>\n<meta property=\"og:description\" content=\"Oekosoph \u2013 Le bistro \u00e0 l\u2019Oekozenter Pafendall Vous recherchez un restaurant agr\u00e9able pour vous d\u00e9tendre pendant votre pause de midi, pour \u00ab\u00a0l&rsquo;apr\u00e8s-travail\u00a0\u00bb ou pour d\u00eener avec des amis le soir en toute tranquillit\u00e9 ? Le restaurant Oekosoph est sp\u00e9cialis\u00e9 dans les plats de viande, v\u00e9g\u00e9tariens et v\u00e9g\u00e9taliens biologiques, r\u00e9gionaux et de saison. Gr\u00e2ce \u00e0 son [&hellip;]\" \/>\n<meta property=\"og:url\" content=\"https:\/\/haus.oekozenter.lu\/fr\/le-bistro-oekosoph\/\" \/>\n<meta property=\"og:site_name\" content=\"Haus\" \/>\n<meta property=\"article:modified_time\" content=\"2026-02-27T10:59:36+00:00\" \/>\n<meta property=\"og:image\" content=\"https:\/\/haus.oekozenter.lu\/wp-content\/uploads\/sites\/13\/2021\/01\/Oekosoph2.jpg\" \/>\n\t<meta property=\"og:image:width\" content=\"950\" \/>\n\t<meta property=\"og:image:height\" content=\"338\" \/>\n\t<meta property=\"og:image:type\" content=\"image\/jpeg\" \/>\n<meta name=\"twitter:card\" content=\"summary_large_image\" \/>\n<meta name=\"twitter:label1\" content=\"Dur\u00e9e de lecture estim\u00e9e\" \/>\n\t<meta name=\"twitter:data1\" content=\"2 minutes\" \/>\n<script type=\"application\/ld+json\" class=\"yoast-schema-graph\">{\"@context\":\"https:\/\/schema.org\",\"@graph\":[{\"@type\":\"WebPage\",\"@id\":\"https:\/\/haus.oekozenter.lu\/fr\/le-bistro-oekosoph\/\",\"url\":\"https:\/\/haus.oekozenter.lu\/fr\/le-bistro-oekosoph\/\",\"name\":\"Le bistro Oekosoph - Haus\",\"isPartOf\":{\"@id\":\"https:\/\/haus.oekozenter.lu\/#website\"},\"primaryImageOfPage\":{\"@id\":\"https:\/\/haus.oekozenter.lu\/fr\/le-bistro-oekosoph\/#primaryimage\"},\"image\":{\"@id\":\"https:\/\/haus.oekozenter.lu\/fr\/le-bistro-oekosoph\/#primaryimage\"},\"thumbnailUrl\":\"https:\/\/haus.oekozenter.lu\/wp-content\/uploads\/sites\/13\/2021\/01\/Oekosoph2.jpg\",\"datePublished\":\"2015-06-05T07:52:35+00:00\",\"dateModified\":\"2026-02-27T10:59:36+00:00\",\"breadcrumb\":{\"@id\":\"https:\/\/haus.oekozenter.lu\/fr\/le-bistro-oekosoph\/#breadcrumb\"},\"inLanguage\":\"fr-FR\",\"potentialAction\":[{\"@type\":\"ReadAction\",\"target\":[\"https:\/\/haus.oekozenter.lu\/fr\/le-bistro-oekosoph\/\"]}]},{\"@type\":\"ImageObject\",\"inLanguage\":\"fr-FR\",\"@id\":\"https:\/\/haus.oekozenter.lu\/fr\/le-bistro-oekosoph\/#primaryimage\",\"url\":\"https:\/\/haus.oekozenter.lu\/wp-content\/uploads\/sites\/13\/2021\/01\/Oekosoph2.jpg\",\"contentUrl\":\"https:\/\/haus.oekozenter.lu\/wp-content\/uploads\/sites\/13\/2021\/01\/Oekosoph2.jpg\",\"width\":950,\"height\":338},{\"@type\":\"BreadcrumbList\",\"@id\":\"https:\/\/haus.oekozenter.lu\/fr\/le-bistro-oekosoph\/#breadcrumb\",\"itemListElement\":[{\"@type\":\"ListItem\",\"position\":1,\"name\":\"Home\",\"item\":\"https:\/\/haus.oekozenter.lu\/fr\/\"},{\"@type\":\"ListItem\",\"position\":2,\"name\":\"Le bistro Oekosoph\"}]},{\"@type\":\"WebSite\",\"@id\":\"https:\/\/haus.oekozenter.lu\/#website\",\"url\":\"https:\/\/haus.oekozenter.lu\/\",\"name\":\"Haus\",\"description\":\"Un site utilisant Mouvement \u00e9cologique Global\",\"potentialAction\":[{\"@type\":\"SearchAction\",\"target\":{\"@type\":\"EntryPoint\",\"urlTemplate\":\"https:\/\/haus.oekozenter.lu\/?s={search_term_string}\"},\"query-input\":{\"@type\":\"PropertyValueSpecification\",\"valueRequired\":true,\"valueName\":\"search_term_string\"}}],\"inLanguage\":\"fr-FR\"}]}<\/script>\n<!-- \/ Yoast SEO plugin. -->","yoast_head_json":{"title":"Le bistro Oekosoph - Haus","robots":{"index":"index","follow":"follow","max-snippet":"max-snippet:-1","max-image-preview":"max-image-preview:large","max-video-preview":"max-video-preview:-1"},"canonical":"https:\/\/haus.oekozenter.lu\/fr\/le-bistro-oekosoph\/","og_locale":"fr_FR","og_type":"article","og_title":"Le bistro Oekosoph - Haus","og_description":"Oekosoph \u2013 Le bistro \u00e0 l\u2019Oekozenter Pafendall Vous recherchez un restaurant agr\u00e9able pour vous d\u00e9tendre pendant votre pause de midi, pour \u00ab\u00a0l&rsquo;apr\u00e8s-travail\u00a0\u00bb ou pour d\u00eener avec des amis le soir en toute tranquillit\u00e9 ? Le restaurant Oekosoph est sp\u00e9cialis\u00e9 dans les plats de viande, v\u00e9g\u00e9tariens et v\u00e9g\u00e9taliens biologiques, r\u00e9gionaux et de saison. Gr\u00e2ce \u00e0 son [&hellip;]","og_url":"https:\/\/haus.oekozenter.lu\/fr\/le-bistro-oekosoph\/","og_site_name":"Haus","article_modified_time":"2026-02-27T10:59:36+00:00","og_image":[{"width":950,"height":338,"url":"https:\/\/haus.oekozenter.lu\/wp-content\/uploads\/sites\/13\/2021\/01\/Oekosoph2.jpg","type":"image\/jpeg"}],"twitter_card":"summary_large_image","twitter_misc":{"Dur\u00e9e de lecture estim\u00e9e":"2 minutes"},"schema":{"@context":"https:\/\/schema.org","@graph":[{"@type":"WebPage","@id":"https:\/\/haus.oekozenter.lu\/fr\/le-bistro-oekosoph\/","url":"https:\/\/haus.oekozenter.lu\/fr\/le-bistro-oekosoph\/","name":"Le bistro Oekosoph - Haus","isPartOf":{"@id":"https:\/\/haus.oekozenter.lu\/#website"},"primaryImageOfPage":{"@id":"https:\/\/haus.oekozenter.lu\/fr\/le-bistro-oekosoph\/#primaryimage"},"image":{"@id":"https:\/\/haus.oekozenter.lu\/fr\/le-bistro-oekosoph\/#primaryimage"},"thumbnailUrl":"https:\/\/haus.oekozenter.lu\/wp-content\/uploads\/sites\/13\/2021\/01\/Oekosoph2.jpg","datePublished":"2015-06-05T07:52:35+00:00","dateModified":"2026-02-27T10:59:36+00:00","breadcrumb":{"@id":"https:\/\/haus.oekozenter.lu\/fr\/le-bistro-oekosoph\/#breadcrumb"},"inLanguage":"fr-FR","potentialAction":[{"@type":"ReadAction","target":["https:\/\/haus.oekozenter.lu\/fr\/le-bistro-oekosoph\/"]}]},{"@type":"ImageObject","inLanguage":"fr-FR","@id":"https:\/\/haus.oekozenter.lu\/fr\/le-bistro-oekosoph\/#primaryimage","url":"https:\/\/haus.oekozenter.lu\/wp-content\/uploads\/sites\/13\/2021\/01\/Oekosoph2.jpg","contentUrl":"https:\/\/haus.oekozenter.lu\/wp-content\/uploads\/sites\/13\/2021\/01\/Oekosoph2.jpg","width":950,"height":338},{"@type":"BreadcrumbList","@id":"https:\/\/haus.oekozenter.lu\/fr\/le-bistro-oekosoph\/#breadcrumb","itemListElement":[{"@type":"ListItem","position":1,"name":"Home","item":"https:\/\/haus.oekozenter.lu\/fr\/"},{"@type":"ListItem","position":2,"name":"Le bistro Oekosoph"}]},{"@type":"WebSite","@id":"https:\/\/haus.oekozenter.lu\/#website","url":"https:\/\/haus.oekozenter.lu\/","name":"Haus","description":"Un site utilisant Mouvement \u00e9cologique Global","potentialAction":[{"@type":"SearchAction","target":{"@type":"EntryPoint","urlTemplate":"https:\/\/haus.oekozenter.lu\/?s={search_term_string}"},"query-input":{"@type":"PropertyValueSpecification","valueRequired":true,"valueName":"search_term_string"}}],"inLanguage":"fr-FR"}]}},"_links":{"self":[{"href":"https:\/\/haus.oekozenter.lu\/fr\/wp-json\/wp\/v2\/pages\/4064","targetHints":{"allow":["GET"]}}],"collection":[{"href":"https:\/\/haus.oekozenter.lu\/fr\/wp-json\/wp\/v2\/pages"}],"about":[{"href":"https:\/\/haus.oekozenter.lu\/fr\/wp-json\/wp\/v2\/types\/page"}],"author":[{"embeddable":true,"href":"https:\/\/haus.oekozenter.lu\/fr\/wp-json\/wp\/v2\/users\/1"}],"replies":[{"embeddable":true,"href":"https:\/\/haus.oekozenter.lu\/fr\/wp-json\/wp\/v2\/comments?post=4064"}],"version-history":[{"count":5,"href":"https:\/\/haus.oekozenter.lu\/fr\/wp-json\/wp\/v2\/pages\/4064\/revisions"}],"predecessor-version":[{"id":6922,"href":"https:\/\/haus.oekozenter.lu\/fr\/wp-json\/wp\/v2\/pages\/4064\/revisions\/6922"}],"wp:featuredmedia":[{"embeddable":true,"href":"https:\/\/haus.oekozenter.lu\/fr\/wp-json\/wp\/v2\/media\/3421"}],"wp:attachment":[{"href":"https:\/\/haus.oekozenter.lu\/fr\/wp-json\/wp\/v2\/media?parent=4064"}],"curies":[{"name":"wp","href":"https:\/\/api.w.org\/{rel}","templated":true}]}}