{"id":4058,"date":"2014-06-24T12:22:23","date_gmt":"2014-06-24T12:22:23","guid":{"rendered":"https:\/\/haus.oekozenter.lu\/so-finden-sie-uns\/"},"modified":"2021-10-08T09:21:45","modified_gmt":"2021-10-08T07:21:45","slug":"pour-nous-trouver","status":"publish","type":"page","link":"https:\/\/haus.oekozenter.lu\/fr\/pour-nous-trouver\/","title":{"rendered":"Pour nous trouver"},"content":{"rendered":"<div class=\"pf-content\"><p>L&rsquo;<strong>Oekozenter Pafendall asbl<\/strong>\u00a0\u00bb a son si\u00e8ge \u00e0 Luxemburg\/Pfaffenthal, 6, rue Vauban, L-2663 Luxemburg.<\/p>\n<p>Nous sommes facilement accessibles :<\/p>\n<ul>\n<li>\u00e0 pied : arrivant de la ville haute avec l&rsquo;ascenseur panoramique (entr\u00e9e dans le parc \u00ab\u00a0Pescatore\u00a0\u00bb) ou du \u00ab\u00a0F\u00ebschmaart\u00a0\u00bb ainsi que de l'\u00a0\u00bbEecher Bierg\u00a0\u00bb (temps de marche 10 min.)<\/li>\n<li>en bus : Les lignes AVL 23 et 26 se rendent \u00e0 l&rsquo;arr\u00eat \u00ab\u00a0Th\u00e9iwesbuer\u00a0\u00bb ou \u00ab\u00a0Vauban\u00a0\u00bb. Alternative: prenez un bus jusqu\u2019\u00e0 la Fondation Pescatore et allez \u00e0 pied jusqu\u2019\u00e0 l\u2019ascenseur panoramique qui vous emm\u00e8ne au Pfaffenthal. Infos sur les connections des bus sur <a href=\"http:\/\/www.mobiliteit.lu\" target=\"_blank\" rel=\"noopener\">www.mobiliteit.lu<\/a><\/li>\n<li>en train : arrivant du nord du pays ou de la Gare Luxembourg jusqu\u2019\u00e0 la gare Pfaffenthal-Kirchberg, apr\u00e8s env. 5 min. \u00e0 pied jusqu\u2019\u00e0 l\u2019Oekozenter.<\/li>\n<li>\u00e0 v\u00e9lo : en arrivant de la ville haute, prenez l\u2019ascenseur panoramqiue pour venir au Pfaffenthal. \u00c0 l\u2019Oekozenter, vous trouverez un grand abri v\u00e9los.<\/li>\n<li>en voiture priv\u00e9e : il est pr\u00e9f\u00e9rable d&rsquo;utiliser le parking \u00ab\u00a0Um Glacis\u00a0\u00bb et de prendre ensuite l&rsquo;ascenseur panoramique (entr\u00e9e dans le parc \u00ab\u00a0Pescatore\u00a0\u00bb). Il n&rsquo;y a que peu de places de parking disponibles \u00e0 proximit\u00e9 de l&rsquo;Oekozenter (notamment le parking en face de l&rsquo;\u00e9glise, dans la partie sup\u00e9rieure de la \u00ab\u00a0rue des trois glandes\u00a0\u00bb ou en venant de l'\u00a0\u00bbEecher Plaatz\u00a0\u00bb le parking pr\u00e8s du stade de football). Toutes les places payants! (Voir les cartes \u00e0 droite sous \u00ab\u00a0Downloads\u00a0\u00bb)<\/li>\n<\/ul>\n<p>Important : L&rsquo;ascenseur panoramique est hors service tous les 1er lundi du mois en raison de travaux de maintenance!<\/p>\n<\/div>","protected":false},"excerpt":{"rendered":"<p>Das \u00ab\u00a0Oekozenter Pafendall asbl\u00a0\u00bb hat seinen Sitz in Luxemburg\/Pfaffenthal<\/p>\n","protected":false},"author":1,"featured_media":3872,"parent":0,"menu_order":0,"comment_status":"closed","ping_status":"closed","template":"","meta":{"_acf_changed":false,"footnotes":""},"class_list":["post-4058","page","type-page","status-publish","has-post-thumbnail","hentry"],"acf":[],"yoast_head":"<!-- This site is optimized with the Yoast SEO plugin v27.2 - https:\/\/yoast.com\/product\/yoast-seo-wordpress\/ -->\n<title>Pour nous trouver - Haus<\/title>\n<meta name=\"robots\" content=\"index, follow, max-snippet:-1, max-image-preview:large, max-video-preview:-1\" \/>\n<link rel=\"canonical\" href=\"https:\/\/haus.oekozenter.lu\/so-finden-sie-uns\/\" \/>\n<meta property=\"og:locale\" content=\"fr_FR\" \/>\n<meta property=\"og:type\" content=\"article\" \/>\n<meta property=\"og:title\" content=\"Pour nous trouver - Haus\" \/>\n<meta property=\"og:description\" content=\"Das &quot;Oekozenter Pafendall asbl&quot; hat seinen Sitz in Luxemburg\/Pfaffenthal\" \/>\n<meta property=\"og:url\" content=\"https:\/\/haus.oekozenter.lu\/so-finden-sie-uns\/\" \/>\n<meta property=\"og:site_name\" content=\"Haus\" \/>\n<meta property=\"article:modified_time\" content=\"2021-10-08T07:21:45+00:00\" \/>\n<meta property=\"og:image\" content=\"https:\/\/haus.oekozenter.lu\/wp-content\/uploads\/sites\/13\/2021\/08\/Oekozenter_oben.jpg\" \/>\n\t<meta property=\"og:image:width\" content=\"950\" \/>\n\t<meta property=\"og:image:height\" content=\"338\" \/>\n\t<meta property=\"og:image:type\" content=\"image\/jpeg\" \/>\n<meta name=\"twitter:card\" content=\"summary_large_image\" \/>\n<meta name=\"twitter:label1\" content=\"Dur\u00e9e de lecture estim\u00e9e\" \/>\n\t<meta name=\"twitter:data1\" content=\"2 minutes\" \/>\n<script type=\"application\/ld+json\" class=\"yoast-schema-graph\">{\"@context\":\"https:\/\/schema.org\",\"@graph\":[{\"@type\":\"WebPage\",\"@id\":\"https:\/\/haus.oekozenter.lu\/so-finden-sie-uns\/\",\"url\":\"https:\/\/haus.oekozenter.lu\/so-finden-sie-uns\/\",\"name\":\"Pour nous trouver - Haus\",\"isPartOf\":{\"@id\":\"https:\/\/haus.oekozenter.lu\/#website\"},\"primaryImageOfPage\":{\"@id\":\"https:\/\/haus.oekozenter.lu\/so-finden-sie-uns\/#primaryimage\"},\"image\":{\"@id\":\"https:\/\/haus.oekozenter.lu\/so-finden-sie-uns\/#primaryimage\"},\"thumbnailUrl\":\"https:\/\/haus.oekozenter.lu\/wp-content\/uploads\/sites\/13\/2021\/08\/Oekozenter_oben.jpg\",\"datePublished\":\"2014-06-24T12:22:23+00:00\",\"dateModified\":\"2021-10-08T07:21:45+00:00\",\"breadcrumb\":{\"@id\":\"https:\/\/haus.oekozenter.lu\/so-finden-sie-uns\/#breadcrumb\"},\"inLanguage\":\"fr-FR\",\"potentialAction\":[{\"@type\":\"ReadAction\",\"target\":[\"https:\/\/haus.oekozenter.lu\/so-finden-sie-uns\/\"]}]},{\"@type\":\"ImageObject\",\"inLanguage\":\"fr-FR\",\"@id\":\"https:\/\/haus.oekozenter.lu\/so-finden-sie-uns\/#primaryimage\",\"url\":\"https:\/\/haus.oekozenter.lu\/wp-content\/uploads\/sites\/13\/2021\/08\/Oekozenter_oben.jpg\",\"contentUrl\":\"https:\/\/haus.oekozenter.lu\/wp-content\/uploads\/sites\/13\/2021\/08\/Oekozenter_oben.jpg\",\"width\":950,\"height\":338},{\"@type\":\"BreadcrumbList\",\"@id\":\"https:\/\/haus.oekozenter.lu\/so-finden-sie-uns\/#breadcrumb\",\"itemListElement\":[{\"@type\":\"ListItem\",\"position\":1,\"name\":\"Home\",\"item\":\"https:\/\/haus.oekozenter.lu\/fr\/\"},{\"@type\":\"ListItem\",\"position\":2,\"name\":\"Pour nous trouver\"}]},{\"@type\":\"WebSite\",\"@id\":\"https:\/\/haus.oekozenter.lu\/#website\",\"url\":\"https:\/\/haus.oekozenter.lu\/\",\"name\":\"Haus\",\"description\":\"Un site utilisant Mouvement \u00e9cologique Global\",\"potentialAction\":[{\"@type\":\"SearchAction\",\"target\":{\"@type\":\"EntryPoint\",\"urlTemplate\":\"https:\/\/haus.oekozenter.lu\/?s={search_term_string}\"},\"query-input\":{\"@type\":\"PropertyValueSpecification\",\"valueRequired\":true,\"valueName\":\"search_term_string\"}}],\"inLanguage\":\"fr-FR\"}]}<\/script>\n<!-- \/ Yoast SEO plugin. -->","yoast_head_json":{"title":"Pour nous trouver - Haus","robots":{"index":"index","follow":"follow","max-snippet":"max-snippet:-1","max-image-preview":"max-image-preview:large","max-video-preview":"max-video-preview:-1"},"canonical":"https:\/\/haus.oekozenter.lu\/so-finden-sie-uns\/","og_locale":"fr_FR","og_type":"article","og_title":"Pour nous trouver - Haus","og_description":"Das \"Oekozenter Pafendall asbl\" hat seinen Sitz in Luxemburg\/Pfaffenthal","og_url":"https:\/\/haus.oekozenter.lu\/so-finden-sie-uns\/","og_site_name":"Haus","article_modified_time":"2021-10-08T07:21:45+00:00","og_image":[{"width":950,"height":338,"url":"https:\/\/haus.oekozenter.lu\/wp-content\/uploads\/sites\/13\/2021\/08\/Oekozenter_oben.jpg","type":"image\/jpeg"}],"twitter_card":"summary_large_image","twitter_misc":{"Dur\u00e9e de lecture estim\u00e9e":"2 minutes"},"schema":{"@context":"https:\/\/schema.org","@graph":[{"@type":"WebPage","@id":"https:\/\/haus.oekozenter.lu\/so-finden-sie-uns\/","url":"https:\/\/haus.oekozenter.lu\/so-finden-sie-uns\/","name":"Pour nous trouver - Haus","isPartOf":{"@id":"https:\/\/haus.oekozenter.lu\/#website"},"primaryImageOfPage":{"@id":"https:\/\/haus.oekozenter.lu\/so-finden-sie-uns\/#primaryimage"},"image":{"@id":"https:\/\/haus.oekozenter.lu\/so-finden-sie-uns\/#primaryimage"},"thumbnailUrl":"https:\/\/haus.oekozenter.lu\/wp-content\/uploads\/sites\/13\/2021\/08\/Oekozenter_oben.jpg","datePublished":"2014-06-24T12:22:23+00:00","dateModified":"2021-10-08T07:21:45+00:00","breadcrumb":{"@id":"https:\/\/haus.oekozenter.lu\/so-finden-sie-uns\/#breadcrumb"},"inLanguage":"fr-FR","potentialAction":[{"@type":"ReadAction","target":["https:\/\/haus.oekozenter.lu\/so-finden-sie-uns\/"]}]},{"@type":"ImageObject","inLanguage":"fr-FR","@id":"https:\/\/haus.oekozenter.lu\/so-finden-sie-uns\/#primaryimage","url":"https:\/\/haus.oekozenter.lu\/wp-content\/uploads\/sites\/13\/2021\/08\/Oekozenter_oben.jpg","contentUrl":"https:\/\/haus.oekozenter.lu\/wp-content\/uploads\/sites\/13\/2021\/08\/Oekozenter_oben.jpg","width":950,"height":338},{"@type":"BreadcrumbList","@id":"https:\/\/haus.oekozenter.lu\/so-finden-sie-uns\/#breadcrumb","itemListElement":[{"@type":"ListItem","position":1,"name":"Home","item":"https:\/\/haus.oekozenter.lu\/fr\/"},{"@type":"ListItem","position":2,"name":"Pour nous trouver"}]},{"@type":"WebSite","@id":"https:\/\/haus.oekozenter.lu\/#website","url":"https:\/\/haus.oekozenter.lu\/","name":"Haus","description":"Un site utilisant Mouvement \u00e9cologique Global","potentialAction":[{"@type":"SearchAction","target":{"@type":"EntryPoint","urlTemplate":"https:\/\/haus.oekozenter.lu\/?s={search_term_string}"},"query-input":{"@type":"PropertyValueSpecification","valueRequired":true,"valueName":"search_term_string"}}],"inLanguage":"fr-FR"}]}},"_links":{"self":[{"href":"https:\/\/haus.oekozenter.lu\/fr\/wp-json\/wp\/v2\/pages\/4058","targetHints":{"allow":["GET"]}}],"collection":[{"href":"https:\/\/haus.oekozenter.lu\/fr\/wp-json\/wp\/v2\/pages"}],"about":[{"href":"https:\/\/haus.oekozenter.lu\/fr\/wp-json\/wp\/v2\/types\/page"}],"author":[{"embeddable":true,"href":"https:\/\/haus.oekozenter.lu\/fr\/wp-json\/wp\/v2\/users\/1"}],"replies":[{"embeddable":true,"href":"https:\/\/haus.oekozenter.lu\/fr\/wp-json\/wp\/v2\/comments?post=4058"}],"version-history":[{"count":2,"href":"https:\/\/haus.oekozenter.lu\/fr\/wp-json\/wp\/v2\/pages\/4058\/revisions"}],"predecessor-version":[{"id":4719,"href":"https:\/\/haus.oekozenter.lu\/fr\/wp-json\/wp\/v2\/pages\/4058\/revisions\/4719"}],"wp:featuredmedia":[{"embeddable":true,"href":"https:\/\/haus.oekozenter.lu\/fr\/wp-json\/wp\/v2\/media\/3872"}],"wp:attachment":[{"href":"https:\/\/haus.oekozenter.lu\/fr\/wp-json\/wp\/v2\/media?parent=4058"}],"curies":[{"name":"wp","href":"https:\/\/api.w.org\/{rel}","templated":true}]}}