{"id":4056,"date":"2013-10-29T10:16:59","date_gmt":"2013-10-29T10:16:59","guid":{"rendered":"https:\/\/haus.oekozenter.lu\/qui-sommes-nous\/kontakt\/"},"modified":"2021-09-20T15:55:36","modified_gmt":"2021-09-20T13:55:36","slug":"contact","status":"publish","type":"page","link":"https:\/\/haus.oekozenter.lu\/fr\/qui-sommes-nous\/contact\/","title":{"rendered":"Contact"},"content":{"rendered":"<div class=\"pf-content\"><h2>Contact<\/h2>\n<p><strong>L&rsquo;Oekozenter Pafendall asbl<\/strong> a son si\u00e8ge \u00e0 Luxemburg\/Pfaffenthal,<br \/>\n6, rue Vauban, L-2663 Luxemburg<\/p>\n<p><a href=\"https:\/\/haus.oekozenter.lu\/pour-nous-trouver\/?lang=fr\" target=\"_blank\" rel=\"noopener\">Pour nous trouver<\/a><\/p>\n<p><strong>Heures d&rsquo;ouverture:<\/strong> 8:00-12:00 heures\/ 14:00-17:00 heures du lundi au vendredi<\/p>\n<p><strong>Administration:<\/strong> E-mail: <a href=\"mailto:administration@oeko.lu\" target=\"_blank\" rel=\"noopener noreferrer\">administration@oeko.lu<\/a><br \/>\nT\u00e9l: (+352) 439030-42<\/p>\n<p><strong>Location:<\/strong> E-mail: <a href=\"mailto:liette.bissen@oeko.lu\" target=\"_blank\" rel=\"noopener noreferrer\">liette.bissen@oeko.lu<\/a><br \/>\nT\u00e9l: (+352) 439030-20<\/p>\n<p><strong>Secr\u00e9tariat:<\/strong> E-mail: <a href=\"mailto:secretariat@oeko.lu\" target=\"_blank\" rel=\"noopener noreferrer\">secretariat@oeko.lu<br \/>\n<\/a>T\u00e9l.: (+352) 439030-40<\/p>\n<p><strong>Comptabilit\u00e9:<\/strong> E-mail: <a title=\"compta@oeko.lu\" href=\"mailto:compta@oeko.lu\" target=\"_blank\" rel=\"noopener noreferrer\">compta@oeko.lu<\/a><br \/>\nT\u00e9l: (+352) 439030-42<\/p>\n<p>&nbsp;<\/p>\n<p><strong>R\u00e9f\u00e9rences bancaires: <\/strong><br \/>\nOekozenter Pafendall asbl: IBAN LU61 0019 1855 6337 1000 BIC Code: BCEELULL<\/p>\n<p>&nbsp;<\/p>\n<\/div>","protected":false},"excerpt":{"rendered":"<p>Contact L&rsquo;Oekozenter Pafendall asbl a son si\u00e8ge \u00e0 Luxemburg\/Pfaffenthal, 6, rue Vauban, L-2663 Luxemburg Pour nous trouver Heures d&rsquo;ouverture: 8:00-12:00 heures\/ 14:00-17:00 heures du lundi au vendredi Administration: E-mail: administration@oeko.lu T\u00e9l: (+352) 439030-42 Location: E-mail: liette.bissen@oeko.lu T\u00e9l: (+352) 439030-20 Secr\u00e9tariat: E-mail: secretariat@oeko.lu T\u00e9l.: (+352) 439030-40 Comptabilit\u00e9: E-mail: compta@oeko.lu T\u00e9l: (+352) 439030-42 &nbsp; R\u00e9f\u00e9rences bancaires: Oekozenter [&hellip;]<\/p>\n","protected":false},"author":1,"featured_media":3868,"parent":4028,"menu_order":4,"comment_status":"closed","ping_status":"closed","template":"","meta":{"_acf_changed":false,"footnotes":""},"class_list":["post-4056","page","type-page","status-publish","has-post-thumbnail","hentry"],"acf":[],"yoast_head":"<!-- This site is optimized with the Yoast SEO plugin v27.2 - https:\/\/yoast.com\/product\/yoast-seo-wordpress\/ -->\n<title>Das Verwaltungspersonal des Oekozenter Pafenall ist f\u00fcr Sie da.<\/title>\n<meta name=\"description\" content=\"Bei Fragen zur Vermietung, zur oekobib mediath\u00e9ik oder zu administrativen Belangen steht Ihnen unser Verwaltungspersonal gerne zur Verf\u00fcgung.\" \/>\n<meta name=\"robots\" content=\"index, follow, max-snippet:-1, max-image-preview:large, max-video-preview:-1\" \/>\n<link rel=\"canonical\" href=\"https:\/\/haus.oekozenter.lu\/ueber-uns\/kontakt\/\" \/>\n<meta property=\"og:locale\" content=\"fr_FR\" \/>\n<meta property=\"og:type\" content=\"article\" \/>\n<meta property=\"og:title\" content=\"Das Verwaltungspersonal des Oekozenter Pafenall ist f\u00fcr Sie da.\" \/>\n<meta property=\"og:description\" content=\"Bei Fragen zur Vermietung, zur oekobib mediath\u00e9ik oder zu administrativen Belangen steht Ihnen unser Verwaltungspersonal gerne zur Verf\u00fcgung.\" \/>\n<meta property=\"og:url\" content=\"https:\/\/haus.oekozenter.lu\/ueber-uns\/kontakt\/\" \/>\n<meta property=\"og:site_name\" content=\"Haus\" \/>\n<meta property=\"article:modified_time\" content=\"2021-09-20T13:55:36+00:00\" \/>\n<meta property=\"og:image\" content=\"https:\/\/haus.oekozenter.lu\/wp-content\/uploads\/sites\/13\/2021\/08\/Karte_Slider.png\" \/>\n\t<meta property=\"og:image:width\" content=\"950\" \/>\n\t<meta property=\"og:image:height\" content=\"341\" \/>\n\t<meta property=\"og:image:type\" content=\"image\/png\" \/>\n<meta name=\"twitter:card\" content=\"summary_large_image\" \/>\n<meta name=\"twitter:label1\" content=\"Dur\u00e9e de lecture estim\u00e9e\" \/>\n\t<meta name=\"twitter:data1\" content=\"1 minute\" \/>\n<script type=\"application\/ld+json\" class=\"yoast-schema-graph\">{\"@context\":\"https:\/\/schema.org\",\"@graph\":[{\"@type\":\"WebPage\",\"@id\":\"https:\/\/haus.oekozenter.lu\/ueber-uns\/kontakt\/\",\"url\":\"https:\/\/haus.oekozenter.lu\/ueber-uns\/kontakt\/\",\"name\":\"Das Verwaltungspersonal des Oekozenter Pafenall ist f\u00fcr Sie da.\",\"isPartOf\":{\"@id\":\"https:\/\/haus.oekozenter.lu\/#website\"},\"primaryImageOfPage\":{\"@id\":\"https:\/\/haus.oekozenter.lu\/ueber-uns\/kontakt\/#primaryimage\"},\"image\":{\"@id\":\"https:\/\/haus.oekozenter.lu\/ueber-uns\/kontakt\/#primaryimage\"},\"thumbnailUrl\":\"https:\/\/haus.oekozenter.lu\/wp-content\/uploads\/sites\/13\/2021\/08\/Karte_Slider.png\",\"datePublished\":\"2013-10-29T10:16:59+00:00\",\"dateModified\":\"2021-09-20T13:55:36+00:00\",\"description\":\"Bei Fragen zur Vermietung, zur oekobib mediath\u00e9ik oder zu administrativen Belangen steht Ihnen unser Verwaltungspersonal gerne zur Verf\u00fcgung.\",\"breadcrumb\":{\"@id\":\"https:\/\/haus.oekozenter.lu\/ueber-uns\/kontakt\/#breadcrumb\"},\"inLanguage\":\"fr-FR\",\"potentialAction\":[{\"@type\":\"ReadAction\",\"target\":[\"https:\/\/haus.oekozenter.lu\/ueber-uns\/kontakt\/\"]}]},{\"@type\":\"ImageObject\",\"inLanguage\":\"fr-FR\",\"@id\":\"https:\/\/haus.oekozenter.lu\/ueber-uns\/kontakt\/#primaryimage\",\"url\":\"https:\/\/haus.oekozenter.lu\/wp-content\/uploads\/sites\/13\/2021\/08\/Karte_Slider.png\",\"contentUrl\":\"https:\/\/haus.oekozenter.lu\/wp-content\/uploads\/sites\/13\/2021\/08\/Karte_Slider.png\",\"width\":950,\"height\":341},{\"@type\":\"BreadcrumbList\",\"@id\":\"https:\/\/haus.oekozenter.lu\/ueber-uns\/kontakt\/#breadcrumb\",\"itemListElement\":[{\"@type\":\"ListItem\",\"position\":1,\"name\":\"Home\",\"item\":\"https:\/\/haus.oekozenter.lu\/fr\/\"},{\"@type\":\"ListItem\",\"position\":2,\"name\":\"Qui sommes-nous?\",\"item\":\"https:\/\/haus.oekozenter.lu\/ueber-uns\/\"},{\"@type\":\"ListItem\",\"position\":3,\"name\":\"Contact\"}]},{\"@type\":\"WebSite\",\"@id\":\"https:\/\/haus.oekozenter.lu\/#website\",\"url\":\"https:\/\/haus.oekozenter.lu\/\",\"name\":\"Haus\",\"description\":\"Un site utilisant Mouvement \u00e9cologique Global\",\"potentialAction\":[{\"@type\":\"SearchAction\",\"target\":{\"@type\":\"EntryPoint\",\"urlTemplate\":\"https:\/\/haus.oekozenter.lu\/?s={search_term_string}\"},\"query-input\":{\"@type\":\"PropertyValueSpecification\",\"valueRequired\":true,\"valueName\":\"search_term_string\"}}],\"inLanguage\":\"fr-FR\"}]}<\/script>\n<!-- \/ Yoast SEO plugin. -->","yoast_head_json":{"title":"Das Verwaltungspersonal des Oekozenter Pafenall ist f\u00fcr Sie da.","description":"Bei Fragen zur Vermietung, zur oekobib mediath\u00e9ik oder zu administrativen Belangen steht Ihnen unser Verwaltungspersonal gerne zur Verf\u00fcgung.","robots":{"index":"index","follow":"follow","max-snippet":"max-snippet:-1","max-image-preview":"max-image-preview:large","max-video-preview":"max-video-preview:-1"},"canonical":"https:\/\/haus.oekozenter.lu\/ueber-uns\/kontakt\/","og_locale":"fr_FR","og_type":"article","og_title":"Das Verwaltungspersonal des Oekozenter Pafenall ist f\u00fcr Sie da.","og_description":"Bei Fragen zur Vermietung, zur oekobib mediath\u00e9ik oder zu administrativen Belangen steht Ihnen unser Verwaltungspersonal gerne zur Verf\u00fcgung.","og_url":"https:\/\/haus.oekozenter.lu\/ueber-uns\/kontakt\/","og_site_name":"Haus","article_modified_time":"2021-09-20T13:55:36+00:00","og_image":[{"width":950,"height":341,"url":"https:\/\/haus.oekozenter.lu\/wp-content\/uploads\/sites\/13\/2021\/08\/Karte_Slider.png","type":"image\/png"}],"twitter_card":"summary_large_image","twitter_misc":{"Dur\u00e9e de lecture estim\u00e9e":"1 minute"},"schema":{"@context":"https:\/\/schema.org","@graph":[{"@type":"WebPage","@id":"https:\/\/haus.oekozenter.lu\/ueber-uns\/kontakt\/","url":"https:\/\/haus.oekozenter.lu\/ueber-uns\/kontakt\/","name":"Das Verwaltungspersonal des Oekozenter Pafenall ist f\u00fcr Sie da.","isPartOf":{"@id":"https:\/\/haus.oekozenter.lu\/#website"},"primaryImageOfPage":{"@id":"https:\/\/haus.oekozenter.lu\/ueber-uns\/kontakt\/#primaryimage"},"image":{"@id":"https:\/\/haus.oekozenter.lu\/ueber-uns\/kontakt\/#primaryimage"},"thumbnailUrl":"https:\/\/haus.oekozenter.lu\/wp-content\/uploads\/sites\/13\/2021\/08\/Karte_Slider.png","datePublished":"2013-10-29T10:16:59+00:00","dateModified":"2021-09-20T13:55:36+00:00","description":"Bei Fragen zur Vermietung, zur oekobib mediath\u00e9ik oder zu administrativen Belangen steht Ihnen unser Verwaltungspersonal gerne zur Verf\u00fcgung.","breadcrumb":{"@id":"https:\/\/haus.oekozenter.lu\/ueber-uns\/kontakt\/#breadcrumb"},"inLanguage":"fr-FR","potentialAction":[{"@type":"ReadAction","target":["https:\/\/haus.oekozenter.lu\/ueber-uns\/kontakt\/"]}]},{"@type":"ImageObject","inLanguage":"fr-FR","@id":"https:\/\/haus.oekozenter.lu\/ueber-uns\/kontakt\/#primaryimage","url":"https:\/\/haus.oekozenter.lu\/wp-content\/uploads\/sites\/13\/2021\/08\/Karte_Slider.png","contentUrl":"https:\/\/haus.oekozenter.lu\/wp-content\/uploads\/sites\/13\/2021\/08\/Karte_Slider.png","width":950,"height":341},{"@type":"BreadcrumbList","@id":"https:\/\/haus.oekozenter.lu\/ueber-uns\/kontakt\/#breadcrumb","itemListElement":[{"@type":"ListItem","position":1,"name":"Home","item":"https:\/\/haus.oekozenter.lu\/fr\/"},{"@type":"ListItem","position":2,"name":"Qui sommes-nous?","item":"https:\/\/haus.oekozenter.lu\/ueber-uns\/"},{"@type":"ListItem","position":3,"name":"Contact"}]},{"@type":"WebSite","@id":"https:\/\/haus.oekozenter.lu\/#website","url":"https:\/\/haus.oekozenter.lu\/","name":"Haus","description":"Un site utilisant Mouvement \u00e9cologique Global","potentialAction":[{"@type":"SearchAction","target":{"@type":"EntryPoint","urlTemplate":"https:\/\/haus.oekozenter.lu\/?s={search_term_string}"},"query-input":{"@type":"PropertyValueSpecification","valueRequired":true,"valueName":"search_term_string"}}],"inLanguage":"fr-FR"}]}},"_links":{"self":[{"href":"https:\/\/haus.oekozenter.lu\/fr\/wp-json\/wp\/v2\/pages\/4056","targetHints":{"allow":["GET"]}}],"collection":[{"href":"https:\/\/haus.oekozenter.lu\/fr\/wp-json\/wp\/v2\/pages"}],"about":[{"href":"https:\/\/haus.oekozenter.lu\/fr\/wp-json\/wp\/v2\/types\/page"}],"author":[{"embeddable":true,"href":"https:\/\/haus.oekozenter.lu\/fr\/wp-json\/wp\/v2\/users\/1"}],"replies":[{"embeddable":true,"href":"https:\/\/haus.oekozenter.lu\/fr\/wp-json\/wp\/v2\/comments?post=4056"}],"version-history":[{"count":2,"href":"https:\/\/haus.oekozenter.lu\/fr\/wp-json\/wp\/v2\/pages\/4056\/revisions"}],"predecessor-version":[{"id":4060,"href":"https:\/\/haus.oekozenter.lu\/fr\/wp-json\/wp\/v2\/pages\/4056\/revisions\/4060"}],"up":[{"embeddable":true,"href":"https:\/\/haus.oekozenter.lu\/fr\/wp-json\/wp\/v2\/pages\/4028"}],"wp:featuredmedia":[{"embeddable":true,"href":"https:\/\/haus.oekozenter.lu\/fr\/wp-json\/wp\/v2\/media\/3868"}],"wp:attachment":[{"href":"https:\/\/haus.oekozenter.lu\/fr\/wp-json\/wp\/v2\/media?parent=4056"}],"curies":[{"name":"wp","href":"https:\/\/api.w.org\/{rel}","templated":true}]}}