{"id":4033,"date":"2015-02-26T12:55:51","date_gmt":"2015-02-26T12:55:51","guid":{"rendered":"https:\/\/haus.oekozenter.lu\/qui-sommes-nous\/tagungsort\/"},"modified":"2022-08-02T12:14:18","modified_gmt":"2022-08-02T10:14:18","slug":"tagungsort","status":"publish","type":"page","link":"https:\/\/haus.oekozenter.lu\/fr\/qui-sommes-nous\/tagungsort\/","title":{"rendered":"Lieu de conf\u00e9rence"},"content":{"rendered":"<section class=\"wpb-content-wrapper\"><div class=\"pf-content\"><p>[vc_row][vc_column][vc_column_text]    <div id=\"docs_right\">    <div class=\"docs_right_dl\"><\/div>\n    <div class=\"docs_right_titre\">Download(s)<\/div>\n    \n    <div style=\"margin-bottom:16px\">                <a style=\"display:inline-block;margin-bottom:17px\" href=\"https:\/\/haus.oekozenter.lu\/wp-content\/uploads\/sites\/13\/2015\/02\/Moegliche-Gestaltung-des-Konferenzraumes.pdf\" target=\"_blank\">\n                    Conception \u00e9ventuelle de la salle de conf\u00e9rence                <\/a><br \/>                <a style=\"display:inline-block;margin-bottom:17px\" href=\"https:\/\/haus.oekozenter.lu\/wp-content\/uploads\/sites\/13\/2022\/07\/Liste-de-prix-des-salles-07_2022.pdf\" target=\"_blank\">\n                    Prix de location des salles Oekozenter Pafendall                <\/a><br \/>                <a style=\"display:inline-block;margin-bottom:17px\" href=\"https:\/\/haus.oekozenter.lu\/wp-content\/uploads\/sites\/13\/2022\/07\/contrat-type-location-salles_2022.pdf\" target=\"_blank\">\n                    Contrat type de location d'une salle                <\/a><br \/>    <\/div>    <div class=\"docs_right_links\"><\/div>\n    <div class=\"docs_right_titre\">Link(s)<\/div>\n    \n    <div style=\"margin-bottom:16px\">                <a style=\"display:inline-block;margin-bottom:17px\" href=\"https:\/\/haus.oekozenter.lu\/pour-nous-trouver\/?lang=fr\" target=\"_blank\">\n                    Pour nous trouver                <\/a><br \/>    \n    <\/div>    <\/div>\n<h2>Conf\u00e9rences durables \u00e0 l\u2019Oekozenter<\/h2>\n<p>Vous souhaitez organiser un \u00e9v\u00e9nement et attacher de l&rsquo;importance \u00e0 la durabilit\u00e9 et \u00e0 une ambiance attrayante ? A l\u2019Oekozenter Pafendall vous trouverez les installations et les services dont vous avez besoin pour organiser votre \u00e9v\u00e9nement de mani\u00e8re \u00e9cologique et durable. L&rsquo;Oekozenter Pafendall offre d&rsquo;excellentes conditions pour un s\u00e9minaire, une conf\u00e9rence, un congr\u00e8s ou un \u00e9change informel r\u00e9ussi. Les installations suivantes sont \u00e0 votre disposition :<\/p>\n<ul>\n<li>Grande salle de conf\u00e9rence et de s\u00e9minaire pouvant accueillir 99 personnes (131 m<sup>2<\/sup>) avec projecteur et tableaux de conf\u00e9rence int\u00e9gr\u00e9s. La pi\u00e8ce peut \u00eatre divis\u00e9e en deux avec une cloison mobile. En fonction du nombre de participants la chambre peut \u00eatre meubl\u00e9e diff\u00e9remment. Juste \u00e0 c\u00f4t\u00e9 un hall d\u2019entr\u00e9e (74 m<sup>2<\/sup>) inond\u00e9e de lumi\u00e8re (avec une petite kitchenette) convient aux r\u00e9ceptions apr\u00e8s une conf\u00e9rence ou pour les pauses caf\u00e9 pendant un s\u00e9minaire.<\/li>\n<li>2 salles de r\u00e9union plus petites pouvant accueillir 12 \u00e0 20 personnes (22 m<sup>2<\/sup> bzw. 50 m<sup>2<\/sup>).<\/li>\n<\/ul>\n<p>Si vous organisez des \u00e9v\u00e9nements li\u00e9s au d\u00e9veloppement durable et aux questions sociales au sens \u00ab\u00a0large\u00a0\u00bb, ces espaces sont parfaitement adapt\u00e9s \u00e0 vos besoins. Les organisations non gouvernementales, les nouveaux mouvements sociaux et les projets innovants peuvent, sous certaines conditions, b\u00e9n\u00e9ficier d&rsquo;une r\u00e9duction de prix lors de la location de locaux. La fondation \u00e0 but non lucratif Oekofonds <a href=\"http:\/\/www.oekofonds.lu\" target=\"_blank\" rel=\"noopener\">www.oekofonds.lu<\/a> peut, si n\u00e9cessaire, prendre en charge une partie des frais engag\u00e9s. Manger sur place ne pose \u00e9galement pas de probl\u00e8me. Nous nous ferons un plaisir d&rsquo;organiser des traiteurs proposant une gamme de plats biologiques, v\u00e9g\u00e9tariens ou v\u00e9g\u00e9taliens et de vous fournir le mat\u00e9riel n\u00e9cessaire.<\/p>\n<p>Pour de plus amples informations veuillez nous contacter par t\u00e9l\u00e9phone au 43 90 30 20 ou par e-mail : <a href=\"mailto:liette.bissen@oeko.lu\" target=\"_blank\" rel=\"noopener\">liette.bissen@oeko.lu<\/a>.[\/vc_column_text][\/vc_column][\/vc_row][vc_row][vc_column][vc_gallery type=\u00a0\u00bbimage_grid\u00a0\u00bb images=\u00a0\u00bb3252,3250,3248,5461&Prime;][\/vc_column][\/vc_row]<\/p>\n<\/div><\/section>","protected":false},"excerpt":{"rendered":"<p>[vc_row][vc_column][vc_column_text] Conf\u00e9rences durables \u00e0 l\u2019Oekozenter Vous souhaitez organiser un \u00e9v\u00e9nement et attacher de l&rsquo;importance \u00e0 la durabilit\u00e9 et \u00e0 une ambiance attrayante ? A l\u2019Oekozenter Pafendall vous trouverez les installations et les services dont vous avez besoin pour organiser votre \u00e9v\u00e9nement de mani\u00e8re \u00e9cologique et durable. L&rsquo;Oekozenter Pafendall offre d&rsquo;excellentes conditions pour un s\u00e9minaire, une [&hellip;]<\/p>\n","protected":false},"author":1,"featured_media":3419,"parent":4028,"menu_order":0,"comment_status":"closed","ping_status":"closed","template":"","meta":{"_acf_changed":false,"footnotes":""},"class_list":["post-4033","page","type-page","status-publish","has-post-thumbnail","hentry"],"acf":[],"yoast_head":"<!-- This site is optimized with the Yoast SEO plugin v27.2 - https:\/\/yoast.com\/product\/yoast-seo-wordpress\/ -->\n<title>Conf\u00e9rences durables: nous louons des salles de s\u00e9minaire<\/title>\n<meta name=\"description\" content=\"Oekozenter Pafendall propose des locaux et des services pour la r\u00e9alisation \u00e9cologique et durable de vos \u00e9v\u00e9nements.\" \/>\n<meta name=\"robots\" content=\"index, follow, max-snippet:-1, max-image-preview:large, max-video-preview:-1\" \/>\n<link rel=\"canonical\" href=\"https:\/\/haus.oekozenter.lu\/ueber-uns\/tagungsort\/\" \/>\n<meta property=\"og:locale\" content=\"fr_FR\" \/>\n<meta property=\"og:type\" content=\"article\" \/>\n<meta property=\"og:title\" content=\"Conf\u00e9rences durables: nous louons des salles de s\u00e9minaire\" \/>\n<meta property=\"og:description\" content=\"Oekozenter Pafendall propose des locaux et des services pour la r\u00e9alisation \u00e9cologique et durable de vos \u00e9v\u00e9nements.\" \/>\n<meta property=\"og:url\" content=\"https:\/\/haus.oekozenter.lu\/ueber-uns\/tagungsort\/\" \/>\n<meta property=\"og:site_name\" content=\"Haus\" \/>\n<meta property=\"article:modified_time\" content=\"2022-08-02T10:14:18+00:00\" \/>\n<meta property=\"og:image\" content=\"https:\/\/haus.oekozenter.lu\/wp-content\/uploads\/sites\/13\/2021\/01\/Tagungen2.png\" \/>\n\t<meta property=\"og:image:width\" content=\"950\" \/>\n\t<meta property=\"og:image:height\" content=\"338\" \/>\n\t<meta property=\"og:image:type\" content=\"image\/png\" \/>\n<meta name=\"twitter:card\" content=\"summary_large_image\" \/>\n<meta name=\"twitter:label1\" content=\"Dur\u00e9e de lecture estim\u00e9e\" \/>\n\t<meta name=\"twitter:data1\" content=\"2 minutes\" \/>\n<script type=\"application\/ld+json\" class=\"yoast-schema-graph\">{\"@context\":\"https:\/\/schema.org\",\"@graph\":[{\"@type\":\"WebPage\",\"@id\":\"https:\/\/haus.oekozenter.lu\/ueber-uns\/tagungsort\/\",\"url\":\"https:\/\/haus.oekozenter.lu\/ueber-uns\/tagungsort\/\",\"name\":\"Conf\u00e9rences durables: nous louons des salles de s\u00e9minaire\",\"isPartOf\":{\"@id\":\"https:\/\/haus.oekozenter.lu\/#website\"},\"primaryImageOfPage\":{\"@id\":\"https:\/\/haus.oekozenter.lu\/ueber-uns\/tagungsort\/#primaryimage\"},\"image\":{\"@id\":\"https:\/\/haus.oekozenter.lu\/ueber-uns\/tagungsort\/#primaryimage\"},\"thumbnailUrl\":\"https:\/\/haus.oekozenter.lu\/wp-content\/uploads\/sites\/13\/2021\/01\/Tagungen2.png\",\"datePublished\":\"2015-02-26T12:55:51+00:00\",\"dateModified\":\"2022-08-02T10:14:18+00:00\",\"description\":\"Oekozenter Pafendall propose des locaux et des services pour la r\u00e9alisation \u00e9cologique et durable de vos \u00e9v\u00e9nements.\",\"breadcrumb\":{\"@id\":\"https:\/\/haus.oekozenter.lu\/ueber-uns\/tagungsort\/#breadcrumb\"},\"inLanguage\":\"fr-FR\",\"potentialAction\":[{\"@type\":\"ReadAction\",\"target\":[\"https:\/\/haus.oekozenter.lu\/ueber-uns\/tagungsort\/\"]}]},{\"@type\":\"ImageObject\",\"inLanguage\":\"fr-FR\",\"@id\":\"https:\/\/haus.oekozenter.lu\/ueber-uns\/tagungsort\/#primaryimage\",\"url\":\"https:\/\/haus.oekozenter.lu\/wp-content\/uploads\/sites\/13\/2021\/01\/Tagungen2.png\",\"contentUrl\":\"https:\/\/haus.oekozenter.lu\/wp-content\/uploads\/sites\/13\/2021\/01\/Tagungen2.png\",\"width\":950,\"height\":338},{\"@type\":\"BreadcrumbList\",\"@id\":\"https:\/\/haus.oekozenter.lu\/ueber-uns\/tagungsort\/#breadcrumb\",\"itemListElement\":[{\"@type\":\"ListItem\",\"position\":1,\"name\":\"Home\",\"item\":\"https:\/\/haus.oekozenter.lu\/fr\/\"},{\"@type\":\"ListItem\",\"position\":2,\"name\":\"Qui sommes-nous?\",\"item\":\"https:\/\/haus.oekozenter.lu\/ueber-uns\/\"},{\"@type\":\"ListItem\",\"position\":3,\"name\":\"Lieu de conf\u00e9rence\"}]},{\"@type\":\"WebSite\",\"@id\":\"https:\/\/haus.oekozenter.lu\/#website\",\"url\":\"https:\/\/haus.oekozenter.lu\/\",\"name\":\"Haus\",\"description\":\"Un site utilisant Mouvement \u00e9cologique Global\",\"potentialAction\":[{\"@type\":\"SearchAction\",\"target\":{\"@type\":\"EntryPoint\",\"urlTemplate\":\"https:\/\/haus.oekozenter.lu\/?s={search_term_string}\"},\"query-input\":{\"@type\":\"PropertyValueSpecification\",\"valueRequired\":true,\"valueName\":\"search_term_string\"}}],\"inLanguage\":\"fr-FR\"}]}<\/script>\n<!-- \/ Yoast SEO plugin. -->","yoast_head_json":{"title":"Conf\u00e9rences durables: nous louons des salles de s\u00e9minaire","description":"Oekozenter Pafendall propose des locaux et des services pour la r\u00e9alisation \u00e9cologique et durable de vos \u00e9v\u00e9nements.","robots":{"index":"index","follow":"follow","max-snippet":"max-snippet:-1","max-image-preview":"max-image-preview:large","max-video-preview":"max-video-preview:-1"},"canonical":"https:\/\/haus.oekozenter.lu\/ueber-uns\/tagungsort\/","og_locale":"fr_FR","og_type":"article","og_title":"Conf\u00e9rences durables: nous louons des salles de s\u00e9minaire","og_description":"Oekozenter Pafendall propose des locaux et des services pour la r\u00e9alisation \u00e9cologique et durable de vos \u00e9v\u00e9nements.","og_url":"https:\/\/haus.oekozenter.lu\/ueber-uns\/tagungsort\/","og_site_name":"Haus","article_modified_time":"2022-08-02T10:14:18+00:00","og_image":[{"width":950,"height":338,"url":"https:\/\/haus.oekozenter.lu\/wp-content\/uploads\/sites\/13\/2021\/01\/Tagungen2.png","type":"image\/png"}],"twitter_card":"summary_large_image","twitter_misc":{"Dur\u00e9e de lecture estim\u00e9e":"2 minutes"},"schema":{"@context":"https:\/\/schema.org","@graph":[{"@type":"WebPage","@id":"https:\/\/haus.oekozenter.lu\/ueber-uns\/tagungsort\/","url":"https:\/\/haus.oekozenter.lu\/ueber-uns\/tagungsort\/","name":"Conf\u00e9rences durables: nous louons des salles de s\u00e9minaire","isPartOf":{"@id":"https:\/\/haus.oekozenter.lu\/#website"},"primaryImageOfPage":{"@id":"https:\/\/haus.oekozenter.lu\/ueber-uns\/tagungsort\/#primaryimage"},"image":{"@id":"https:\/\/haus.oekozenter.lu\/ueber-uns\/tagungsort\/#primaryimage"},"thumbnailUrl":"https:\/\/haus.oekozenter.lu\/wp-content\/uploads\/sites\/13\/2021\/01\/Tagungen2.png","datePublished":"2015-02-26T12:55:51+00:00","dateModified":"2022-08-02T10:14:18+00:00","description":"Oekozenter Pafendall propose des locaux et des services pour la r\u00e9alisation \u00e9cologique et durable de vos \u00e9v\u00e9nements.","breadcrumb":{"@id":"https:\/\/haus.oekozenter.lu\/ueber-uns\/tagungsort\/#breadcrumb"},"inLanguage":"fr-FR","potentialAction":[{"@type":"ReadAction","target":["https:\/\/haus.oekozenter.lu\/ueber-uns\/tagungsort\/"]}]},{"@type":"ImageObject","inLanguage":"fr-FR","@id":"https:\/\/haus.oekozenter.lu\/ueber-uns\/tagungsort\/#primaryimage","url":"https:\/\/haus.oekozenter.lu\/wp-content\/uploads\/sites\/13\/2021\/01\/Tagungen2.png","contentUrl":"https:\/\/haus.oekozenter.lu\/wp-content\/uploads\/sites\/13\/2021\/01\/Tagungen2.png","width":950,"height":338},{"@type":"BreadcrumbList","@id":"https:\/\/haus.oekozenter.lu\/ueber-uns\/tagungsort\/#breadcrumb","itemListElement":[{"@type":"ListItem","position":1,"name":"Home","item":"https:\/\/haus.oekozenter.lu\/fr\/"},{"@type":"ListItem","position":2,"name":"Qui sommes-nous?","item":"https:\/\/haus.oekozenter.lu\/ueber-uns\/"},{"@type":"ListItem","position":3,"name":"Lieu de conf\u00e9rence"}]},{"@type":"WebSite","@id":"https:\/\/haus.oekozenter.lu\/#website","url":"https:\/\/haus.oekozenter.lu\/","name":"Haus","description":"Un site utilisant Mouvement \u00e9cologique Global","potentialAction":[{"@type":"SearchAction","target":{"@type":"EntryPoint","urlTemplate":"https:\/\/haus.oekozenter.lu\/?s={search_term_string}"},"query-input":{"@type":"PropertyValueSpecification","valueRequired":true,"valueName":"search_term_string"}}],"inLanguage":"fr-FR"}]}},"_links":{"self":[{"href":"https:\/\/haus.oekozenter.lu\/fr\/wp-json\/wp\/v2\/pages\/4033","targetHints":{"allow":["GET"]}}],"collection":[{"href":"https:\/\/haus.oekozenter.lu\/fr\/wp-json\/wp\/v2\/pages"}],"about":[{"href":"https:\/\/haus.oekozenter.lu\/fr\/wp-json\/wp\/v2\/types\/page"}],"author":[{"embeddable":true,"href":"https:\/\/haus.oekozenter.lu\/fr\/wp-json\/wp\/v2\/users\/1"}],"replies":[{"embeddable":true,"href":"https:\/\/haus.oekozenter.lu\/fr\/wp-json\/wp\/v2\/comments?post=4033"}],"version-history":[{"count":5,"href":"https:\/\/haus.oekozenter.lu\/fr\/wp-json\/wp\/v2\/pages\/4033\/revisions"}],"predecessor-version":[{"id":5622,"href":"https:\/\/haus.oekozenter.lu\/fr\/wp-json\/wp\/v2\/pages\/4033\/revisions\/5622"}],"up":[{"embeddable":true,"href":"https:\/\/haus.oekozenter.lu\/fr\/wp-json\/wp\/v2\/pages\/4028"}],"wp:featuredmedia":[{"embeddable":true,"href":"https:\/\/haus.oekozenter.lu\/fr\/wp-json\/wp\/v2\/media\/3419"}],"wp:attachment":[{"href":"https:\/\/haus.oekozenter.lu\/fr\/wp-json\/wp\/v2\/media?parent=4033"}],"curies":[{"name":"wp","href":"https:\/\/api.w.org\/{rel}","templated":true}]}}