{"id":4028,"date":"2013-10-25T08:38:37","date_gmt":"2013-10-25T08:38:37","guid":{"rendered":"https:\/\/haus.oekozenter.lu\/uber-uns\/"},"modified":"2022-06-17T16:03:12","modified_gmt":"2022-06-17T14:03:12","slug":"qui-sommes-nous","status":"publish","type":"page","link":"https:\/\/haus.oekozenter.lu\/fr\/qui-sommes-nous\/","title":{"rendered":"Qui sommes-nous?"},"content":{"rendered":"<div id=\"maincontent\" role=\"main\">\n<div class=\"the_content\">\n<div class=\"pf-content\">\n<p>L&rsquo;Oekozenter Pafendall, une initiative du Mouvement Ecologique, est compos\u00e9 de deux unit\u00e9s : D&rsquo;une part, elle offre un large \u00e9ventail de conseils et de projets innovants pour contribuer concr\u00e8tement au d\u00e9veloppement durable. D&rsquo;autre part, le centre se veut un lieu de formation continue ainsi qu&rsquo;un lieu de rencontre et d&rsquo;\u00e9change sur les questions sociales de l&rsquo;avenir.<\/p>\n<p>Du savoir \u00e0 l&rsquo;action : Le travail et les projets des services de conseil<\/p>\n<p>Le Centre dispose &#8211; en plus des b\u00e9n\u00e9voles et de la direction\/administration g\u00e9n\u00e9rale &#8211; d&rsquo;une \u00e9quipe multidisciplinaire \u00e0 plein temps dans les domaines d&rsquo;expertise suivants :<\/p>\n<ul>\n<li><a href=\"https:\/\/projekte.oekozenter.lu\/services\/agriculture-durable\/?lang=fr\" target=\"_blank\" rel=\"noopener\">Agriculture durable<\/a><\/li>\n<li><a href=\"https:\/\/projekte.oekozenter.lu\/services\/construire-et-habiter\/?lang=fr\" target=\"_blank\" rel=\"noopener\">Construire et habiter<\/a><\/li>\n<li><a href=\"https:\/\/projekte.oekozenter.lu\/services\/mode-de-vie-durable\/?lang=fr\" target=\"_blank\" rel=\"noopener\">Mode de vie durable<\/a><\/li>\n<li><a href=\"https:\/\/projekte.oekozenter.lu\/services\/evenements-et-tourisme\/?lang=fr\" target=\"_blank\" rel=\"noopener\">\u00c9v\u00e9nements et tourisme<\/a><\/li>\n<li><a href=\"https:\/\/projekte.oekozenter.lu\/services\/localites-vertes\/?lang=fr\" target=\"_blank\" rel=\"noopener\">Localit\u00e9s vertes<\/a><\/li>\n<li><a href=\"https:\/\/projekte.oekozenter.lu\/services\/pacte-climat\/?lang=fr\" target=\"_blank\" rel=\"noopener\">Pacte climat<\/a><\/li>\n<\/ul>\n<p>Ils r\u00e9alisent des projets et des campagnes de sensibilisation, conseillent les particuliers, les communes, les groupes professionnels et organisent des s\u00e9minaires et des conf\u00e9rences (<a href=\"https:\/\/projekte.oekozenter.lu\/documentcenter\/activites-et-projets-rapport-annuel-de-loekozenter\/?lang=fr\" target=\"_blank\" rel=\"noopener\">voir le rapport d&rsquo;activit\u00e9 2021<\/a>).<\/p>\n<p><strong>Une maison du savoir et de la rencontre<\/strong><\/p>\n<p>En m\u00eame temps, le centre se caract\u00e9rise par un vaste programme de conf\u00e9rences et de formation continue. Ces \u00e9v\u00e9nements se d\u00e9roulent principalement dans les diff\u00e9rentes salles de conf\u00e9rence et de r\u00e9union. L&rsquo;Oekozenter Pafendall dispose de 3 salles de ce type qui peuvent \u00e9galement \u00eatre lou\u00e9es par des parties ext\u00e9rieures (Lieu de conf\u00e9rence).<\/p>\n<p>Une biblioth\u00e8que sp\u00e9cialis\u00e9e ouverte au public compl\u00e8te l&rsquo;offre \u00e9ducative. Les particuliers peuvent y trouver de la litt\u00e9rature sp\u00e9cialis\u00e9e multilingue sur des sujets li\u00e9s au d\u00e9veloppement durable ainsi qu&rsquo;une s\u00e9lection de Luxemburgensia. Un assortiment de revues sur les diff\u00e9rents sujets compl\u00e8te l&rsquo;offre. Le fonds de la biblioth\u00e8que peut \u00eatre consult\u00e9 sur le site <a href=\"https:\/\/www.oekobib.lu\/fr\/\" target=\"_blank\" rel=\"noopener\">www.oekobib.lu<\/a> ainsi que sur le moteur de recherche de la Biblioth\u00e8que nationale <a href=\"http:\/\/www.a-z.lu\" target=\"_blank\" rel=\"noopener\">www.a-z.lu<\/a>.<\/p>\n<p>Le petit bistrot <a href=\"https:\/\/www.oekosoph.lu\/\" target=\"_blank\" rel=\"noopener\">Oekosoph<\/a>, avec son ambiance sympathique, offre un lieu o\u00f9 l&rsquo;on peut s&rsquo;attarder, \u00e9changer et discuter. Autour d&rsquo;un bon verre et\/ou d&rsquo;un repas savoureux, tout bio bien s\u00fbr, vous pourrez profiter de la vue imprenable sur la vieille ville de Luxembourg.<\/p>\n<p><strong>Le b\u00e2timent<\/strong><\/p>\n<p>Depuis la mi-2014, l&rsquo;Oekozenter Pafendall est log\u00e9 dans un b\u00e2timent passif attrayant en bois et offre des possibilit\u00e9s id\u00e9ales d&rsquo;activit\u00e9s et d&rsquo;engagement.<\/p>\n<p>La construction a \u00e9t\u00e9 rendue possible gr\u00e2ce \u00e0 des fonds budg\u00e9taires de l&rsquo;\u00c9tat luxembourgeois ainsi que de la Ville de Luxembourg qui, en tant que propri\u00e9taire du b\u00e2timent, a pris en charge le pr\u00e9financement et a fourni le terrain. Les co\u00fbts de l&rsquo;am\u00e9nagement int\u00e9rieur &#8211; qui est bas\u00e9 sur des crit\u00e8res \u00e9cologiques &#8211; ont \u00e9t\u00e9 pris en charge par l&rsquo;Oekozenter Pafendall asbl, gr\u00e2ce notamment au g\u00e9n\u00e9reux soutien financier de l&rsquo;Oeuvre Nationale de Secours Grande-Duchesse Charlotte et de plusieurs donateurs. L&rsquo;Oekozenter est le locataire du b\u00e2timent sur la base d&rsquo;un accord avec la Ville de Luxembourg.<\/p>\n<p>L&rsquo;Oekozenter Pafendall abrite \u00e9galement diverses organisations actives dans le domaine du d\u00e9veloppement durable (<a href=\"https:\/\/haus.oekozenter.lu\/qui-sommes-nous\/forum-des-ong\/?lang=fr\">Forum des ONG<\/a>).<\/p>\n<p><strong>Oekozenter Pafendall asbl<\/strong><strong><br \/>\n<\/strong>6, rue Vauban<br \/>\nL-2663 Luxembourg<br \/>\nTel. : 00352 43 90 30 40<br \/>\nBankverbindung : BCEE IBAN LU61 0019 1855 6337 1000<\/p>\n<\/div>\n<\/div>\n<\/div>\n","protected":false},"excerpt":{"rendered":"<p>L&rsquo;Oekozenter Pafendall, une initiative du Mouvement Ecologique, est compos\u00e9 de deux unit\u00e9s : D&rsquo;une part, elle offre un large \u00e9ventail de conseils et de projets innovants pour contribuer concr\u00e8tement au d\u00e9veloppement durable. D&rsquo;autre part, le centre se veut un lieu de formation continue ainsi qu&rsquo;un lieu de rencontre et d&rsquo;\u00e9change sur les questions sociales de [&hellip;]<\/p>\n","protected":false},"author":1,"featured_media":3217,"parent":0,"menu_order":1,"comment_status":"closed","ping_status":"closed","template":"","meta":{"_acf_changed":false,"footnotes":""},"class_list":["post-4028","page","type-page","status-publish","has-post-thumbnail","hentry"],"acf":[],"yoast_head":"<!-- This site is optimized with the Yoast SEO plugin v27.2 - https:\/\/yoast.com\/product\/yoast-seo-wordpress\/ -->\n<title>Qui sommes-nous? - Haus<\/title>\n<meta name=\"robots\" content=\"index, follow, max-snippet:-1, max-image-preview:large, max-video-preview:-1\" \/>\n<link rel=\"canonical\" href=\"https:\/\/haus.oekozenter.lu\/ueber-uns\/\" \/>\n<meta property=\"og:locale\" content=\"fr_FR\" \/>\n<meta property=\"og:type\" content=\"article\" \/>\n<meta property=\"og:title\" content=\"Qui sommes-nous? - Haus\" \/>\n<meta property=\"og:description\" content=\"L&rsquo;Oekozenter Pafendall, une initiative du Mouvement Ecologique, est compos\u00e9 de deux unit\u00e9s : D&rsquo;une part, elle offre un large \u00e9ventail de conseils et de projets innovants pour contribuer concr\u00e8tement au d\u00e9veloppement durable. D&rsquo;autre part, le centre se veut un lieu de formation continue ainsi qu&rsquo;un lieu de rencontre et d&rsquo;\u00e9change sur les questions sociales de [&hellip;]\" \/>\n<meta property=\"og:url\" content=\"https:\/\/haus.oekozenter.lu\/ueber-uns\/\" \/>\n<meta property=\"og:site_name\" content=\"Haus\" \/>\n<meta property=\"article:modified_time\" content=\"2022-06-17T14:03:12+00:00\" \/>\n<meta property=\"og:image\" content=\"https:\/\/haus.oekozenter.lu\/wp-content\/uploads\/sites\/13\/2020\/11\/Logo_OZ_Haus.jpg\" \/>\n\t<meta property=\"og:image:width\" content=\"919\" \/>\n\t<meta property=\"og:image:height\" content=\"345\" \/>\n\t<meta property=\"og:image:type\" content=\"image\/jpeg\" \/>\n<meta name=\"twitter:card\" content=\"summary_large_image\" \/>\n<meta name=\"twitter:label1\" content=\"Dur\u00e9e de lecture estim\u00e9e\" \/>\n\t<meta name=\"twitter:data1\" content=\"3 minutes\" \/>\n<script type=\"application\/ld+json\" class=\"yoast-schema-graph\">{\"@context\":\"https:\/\/schema.org\",\"@graph\":[{\"@type\":\"WebPage\",\"@id\":\"https:\/\/haus.oekozenter.lu\/ueber-uns\/\",\"url\":\"https:\/\/haus.oekozenter.lu\/ueber-uns\/\",\"name\":\"Qui sommes-nous? - Haus\",\"isPartOf\":{\"@id\":\"https:\/\/haus.oekozenter.lu\/#website\"},\"primaryImageOfPage\":{\"@id\":\"https:\/\/haus.oekozenter.lu\/ueber-uns\/#primaryimage\"},\"image\":{\"@id\":\"https:\/\/haus.oekozenter.lu\/ueber-uns\/#primaryimage\"},\"thumbnailUrl\":\"https:\/\/haus.oekozenter.lu\/wp-content\/uploads\/sites\/13\/2020\/11\/Logo_OZ_Haus.jpg\",\"datePublished\":\"2013-10-25T08:38:37+00:00\",\"dateModified\":\"2022-06-17T14:03:12+00:00\",\"breadcrumb\":{\"@id\":\"https:\/\/haus.oekozenter.lu\/ueber-uns\/#breadcrumb\"},\"inLanguage\":\"fr-FR\",\"potentialAction\":[{\"@type\":\"ReadAction\",\"target\":[\"https:\/\/haus.oekozenter.lu\/ueber-uns\/\"]}]},{\"@type\":\"ImageObject\",\"inLanguage\":\"fr-FR\",\"@id\":\"https:\/\/haus.oekozenter.lu\/ueber-uns\/#primaryimage\",\"url\":\"https:\/\/haus.oekozenter.lu\/wp-content\/uploads\/sites\/13\/2020\/11\/Logo_OZ_Haus.jpg\",\"contentUrl\":\"https:\/\/haus.oekozenter.lu\/wp-content\/uploads\/sites\/13\/2020\/11\/Logo_OZ_Haus.jpg\",\"width\":919,\"height\":345},{\"@type\":\"BreadcrumbList\",\"@id\":\"https:\/\/haus.oekozenter.lu\/ueber-uns\/#breadcrumb\",\"itemListElement\":[{\"@type\":\"ListItem\",\"position\":1,\"name\":\"Home\",\"item\":\"https:\/\/haus.oekozenter.lu\/fr\/\"},{\"@type\":\"ListItem\",\"position\":2,\"name\":\"Qui sommes-nous?\"}]},{\"@type\":\"WebSite\",\"@id\":\"https:\/\/haus.oekozenter.lu\/#website\",\"url\":\"https:\/\/haus.oekozenter.lu\/\",\"name\":\"Haus\",\"description\":\"Un site utilisant Mouvement \u00e9cologique Global\",\"potentialAction\":[{\"@type\":\"SearchAction\",\"target\":{\"@type\":\"EntryPoint\",\"urlTemplate\":\"https:\/\/haus.oekozenter.lu\/?s={search_term_string}\"},\"query-input\":{\"@type\":\"PropertyValueSpecification\",\"valueRequired\":true,\"valueName\":\"search_term_string\"}}],\"inLanguage\":\"fr-FR\"}]}<\/script>\n<!-- \/ Yoast SEO plugin. -->","yoast_head_json":{"title":"Qui sommes-nous? - Haus","robots":{"index":"index","follow":"follow","max-snippet":"max-snippet:-1","max-image-preview":"max-image-preview:large","max-video-preview":"max-video-preview:-1"},"canonical":"https:\/\/haus.oekozenter.lu\/ueber-uns\/","og_locale":"fr_FR","og_type":"article","og_title":"Qui sommes-nous? - Haus","og_description":"L&rsquo;Oekozenter Pafendall, une initiative du Mouvement Ecologique, est compos\u00e9 de deux unit\u00e9s : D&rsquo;une part, elle offre un large \u00e9ventail de conseils et de projets innovants pour contribuer concr\u00e8tement au d\u00e9veloppement durable. D&rsquo;autre part, le centre se veut un lieu de formation continue ainsi qu&rsquo;un lieu de rencontre et d&rsquo;\u00e9change sur les questions sociales de [&hellip;]","og_url":"https:\/\/haus.oekozenter.lu\/ueber-uns\/","og_site_name":"Haus","article_modified_time":"2022-06-17T14:03:12+00:00","og_image":[{"width":919,"height":345,"url":"https:\/\/haus.oekozenter.lu\/wp-content\/uploads\/sites\/13\/2020\/11\/Logo_OZ_Haus.jpg","type":"image\/jpeg"}],"twitter_card":"summary_large_image","twitter_misc":{"Dur\u00e9e de lecture estim\u00e9e":"3 minutes"},"schema":{"@context":"https:\/\/schema.org","@graph":[{"@type":"WebPage","@id":"https:\/\/haus.oekozenter.lu\/ueber-uns\/","url":"https:\/\/haus.oekozenter.lu\/ueber-uns\/","name":"Qui sommes-nous? - Haus","isPartOf":{"@id":"https:\/\/haus.oekozenter.lu\/#website"},"primaryImageOfPage":{"@id":"https:\/\/haus.oekozenter.lu\/ueber-uns\/#primaryimage"},"image":{"@id":"https:\/\/haus.oekozenter.lu\/ueber-uns\/#primaryimage"},"thumbnailUrl":"https:\/\/haus.oekozenter.lu\/wp-content\/uploads\/sites\/13\/2020\/11\/Logo_OZ_Haus.jpg","datePublished":"2013-10-25T08:38:37+00:00","dateModified":"2022-06-17T14:03:12+00:00","breadcrumb":{"@id":"https:\/\/haus.oekozenter.lu\/ueber-uns\/#breadcrumb"},"inLanguage":"fr-FR","potentialAction":[{"@type":"ReadAction","target":["https:\/\/haus.oekozenter.lu\/ueber-uns\/"]}]},{"@type":"ImageObject","inLanguage":"fr-FR","@id":"https:\/\/haus.oekozenter.lu\/ueber-uns\/#primaryimage","url":"https:\/\/haus.oekozenter.lu\/wp-content\/uploads\/sites\/13\/2020\/11\/Logo_OZ_Haus.jpg","contentUrl":"https:\/\/haus.oekozenter.lu\/wp-content\/uploads\/sites\/13\/2020\/11\/Logo_OZ_Haus.jpg","width":919,"height":345},{"@type":"BreadcrumbList","@id":"https:\/\/haus.oekozenter.lu\/ueber-uns\/#breadcrumb","itemListElement":[{"@type":"ListItem","position":1,"name":"Home","item":"https:\/\/haus.oekozenter.lu\/fr\/"},{"@type":"ListItem","position":2,"name":"Qui sommes-nous?"}]},{"@type":"WebSite","@id":"https:\/\/haus.oekozenter.lu\/#website","url":"https:\/\/haus.oekozenter.lu\/","name":"Haus","description":"Un site utilisant Mouvement \u00e9cologique Global","potentialAction":[{"@type":"SearchAction","target":{"@type":"EntryPoint","urlTemplate":"https:\/\/haus.oekozenter.lu\/?s={search_term_string}"},"query-input":{"@type":"PropertyValueSpecification","valueRequired":true,"valueName":"search_term_string"}}],"inLanguage":"fr-FR"}]}},"_links":{"self":[{"href":"https:\/\/haus.oekozenter.lu\/fr\/wp-json\/wp\/v2\/pages\/4028","targetHints":{"allow":["GET"]}}],"collection":[{"href":"https:\/\/haus.oekozenter.lu\/fr\/wp-json\/wp\/v2\/pages"}],"about":[{"href":"https:\/\/haus.oekozenter.lu\/fr\/wp-json\/wp\/v2\/types\/page"}],"author":[{"embeddable":true,"href":"https:\/\/haus.oekozenter.lu\/fr\/wp-json\/wp\/v2\/users\/1"}],"replies":[{"embeddable":true,"href":"https:\/\/haus.oekozenter.lu\/fr\/wp-json\/wp\/v2\/comments?post=4028"}],"version-history":[{"count":3,"href":"https:\/\/haus.oekozenter.lu\/fr\/wp-json\/wp\/v2\/pages\/4028\/revisions"}],"predecessor-version":[{"id":5444,"href":"https:\/\/haus.oekozenter.lu\/fr\/wp-json\/wp\/v2\/pages\/4028\/revisions\/5444"}],"wp:featuredmedia":[{"embeddable":true,"href":"https:\/\/haus.oekozenter.lu\/fr\/wp-json\/wp\/v2\/media\/3217"}],"wp:attachment":[{"href":"https:\/\/haus.oekozenter.lu\/fr\/wp-json\/wp\/v2\/media?parent=4028"}],"curies":[{"name":"wp","href":"https:\/\/api.w.org\/{rel}","templated":true}]}}