{"id":4024,"date":"2020-07-13T14:02:23","date_gmt":"2020-07-13T14:02:23","guid":{"rendered":"https:\/\/haus.oekozenter.lu\/datenschutzerklaerung\/"},"modified":"2021-09-20T10:27:22","modified_gmt":"2021-09-20T08:27:22","slug":"politique-de-confidentialite","status":"publish","type":"page","link":"https:\/\/haus.oekozenter.lu\/fr\/politique-de-confidentialite\/","title":{"rendered":"Politique de confidentialit\u00e9"},"content":{"rendered":"<div class=\"pf-content\"><p><strong>Politique de confidentialit\u00e9 <\/strong><\/p>\n<p>(cette politique de confidentialit\u00e9 est bas\u00e9e sur le r\u00e8glement europ\u00e9en RGPD<sup>1<\/sup> (UE) 2016\/679 en vigueur le 25 mai 2018)<\/p>\n<p>Note pr\u00e9liminaire : Le terme \u201cnous\u201d dans le texte ci-dessous se r\u00e9f\u00e8re au Oekozenter Pafendall<\/p>\n<ol>\n<li><strong><u>Introduction<\/u><\/strong><\/li>\n<\/ol>\n<p>Le 25 mai 2018, le r\u00e8glement europ\u00e9en N\u00b0 2016\/679, dit \u00ab R\u00e8glement G\u00e9n\u00e9ral sur la Protection des Donn\u00e9es \u00bb (RGPD), entre en vigueur. Ce r\u00e8glement est applicable dans tous les \u00c9tats membres de l\u2019Union europ\u00e9enne ainsi que chaque entit\u00e9 morale agissant sur le territoire de l\u2019Union europ\u00e9enne. L\u2019objectif principal du r\u00e8glement est de constituer un texte de r\u00e9f\u00e9rence en mati\u00e8re de protection des donn\u00e9es \u00e0 caract\u00e8re personnel, qui renforce, unifie et harmonise la protection des donn\u00e9es pour tous les individus de l\u2019Union europ\u00e9enne. De plus, le r\u00e8glement s\u2019applique m\u00eame aux instances en dehors du territoire de l\u2019Union europ\u00e9enne, qui traitent des donn\u00e9es de ressortissants de celle-ci.<\/p>\n<p>La pr\u00e9sente politique de confidentialit\u00e9 est applicable au traitement des donn\u00e9es \u00e0 caract\u00e8re personnel par l\u2019Oekozenter Pafendall et par les sites web g\u00e9r\u00e9s par l\u2019Oekozenter Pafendall.<\/p>\n<p>Nous accordons de l\u2019importance \u00e0 une gestion prudente de vos donn\u00e9es \u00e0 caract\u00e8re personnel. Cela signifie notamment que nous g\u00e9rons vos donn\u00e9es \u00e0 caract\u00e8re personnel en toute confidentialit\u00e9, que nous avons pris des mesures de s\u00e9curit\u00e9 afin de prot\u00e9ger vos donn\u00e9es \u00e0 caract\u00e8re personnel contre la perte, l\u2019acc\u00e8s non autoris\u00e9 ou le vol, et que nous supprimerons les donn\u00e9es lorsque celles-ci ne sont plus n\u00e9cessaires \u00e0 notre travail associatif.<\/p>\n<p>&nbsp;<\/p>\n<ol>\n<li><strong><u>Donn\u00e9es \u00e0 caract\u00e8re personnel concern\u00e9es<\/u><\/strong><\/li>\n<\/ol>\n<p>L\u2019Oekozenter Pafendall re\u00e7oit vos donn\u00e9es \u00e0 caract\u00e8re personnel de diff\u00e9rentes fa\u00e7ons lorsque vous:<\/p>\n<p>&#8211; prenez contact avec nous par courriel (nom et pr\u00e9nom, adresse de courriel) ou t\u00e9l\u00e9phone (num\u00e9ro de t\u00e9l\u00e9phone) ;<\/p>\n<p>&#8211; vous inscrivez \/ participez \u00e0 nos \u00e9v\u00e9nements (nom et pr\u00e9nom, adresse postale, adresse de courriel ou t\u00e9l\u00e9phone) ;<\/p>\n<p>&#8211; pr\u00e9sentez votre candidature \u00e0 un emploi ;<\/p>\n<p>&#8211; vous vous inscrivez sur place \u00e0 notre biblioth\u00e8que nomm\u00e9e \u201coekobib mediath\u00e9ik\u201d (nom et\u00a0 pr\u00e9nom, date et lieu de naissance, nationalit\u00e9, adresse, num\u00e9ro de t\u00e9l\u00e9phone\/portable, adresse e-mail, profession)<\/p>\n<p>&#8211; recourez \u00e0 nos services de consultation.<\/p>\n<p>&nbsp;<\/p>\n<ol>\n<li><strong><u>Donn\u00e9es \u00e0 caract\u00e8re personnel que nous recueillons<\/u><\/strong><\/li>\n<\/ol>\n<p>L\u2019Oekozenter Pafendall privil\u00e9gie une approche de proportionnalit\u00e9 et de minimisation des donn\u00e9es trait\u00e9es. Nous veillons \u00e0 ce que les donn\u00e9es que nous collectons et traitons soient ad\u00e9quates, pertinentes et limit\u00e9es \u00e0 ce qui est n\u00e9cessaire aux finalit\u00e9s des traitements en question.<\/p>\n<p><strong><u>Fichier des membres du conseil d\u2019administration<\/u><\/strong><\/p>\n<p>Titre (facultatif) ;<\/p>\n<p>Nom et pr\u00e9nom ;<\/p>\n<p>adresse postale (Rue et n\u00b0, code postal, localit\u00e9, pays) ;<\/p>\n<p>nationalit\u00e9 (conform\u00e9ment \u00e0 la loi) ;<\/p>\n<p>date et lieu de naissance (conform\u00e9ment \u00e0 la loi)<\/p>\n<p>num\u00e9ro(s) de t\u00e9l\u00e9phone (facultatif) ;<\/p>\n<p>adresse \u00e9lectronique, de courriel (facultatif) ;<\/p>\n<p>&nbsp;<\/p>\n<p><strong><u>Fichier des membres <\/u><\/strong><\/p>\n<p>Nom et pr\u00e9nom;<\/p>\n<p>adresse postale (Rue et n\u00b0, code postal, localit\u00e9, pays);<\/p>\n<p>nationalit\u00e9.<\/p>\n<p>&nbsp;<\/p>\n<p><strong><u>Tableau des membres d\u00e9missionnaires ou d\u00e9c\u00e9d\u00e9s<\/u><\/strong><\/p>\n<p>Ann\u00e9e de d\u00e9mission ou ann\u00e9e de d\u00e9c\u00e8s (lorsque la famille ou des proches nous en informent).<\/p>\n<p>Les donn\u00e9es de nos membres d\u00e9missionnaires ou d\u00e9funts sont recueillies dans une liste qui est archiv\u00e9e dans un dossier pendant 5 ann\u00e9es, sauf demande contraire. Dans le cas d\u2019un d\u00e9c\u00e8s, cette demande doit \u00eatre faite par la famille ou les proches.<\/p>\n<p><strong><u><br \/>\n<\/u><\/strong><strong><u>Gestion des cotisations<\/u><\/strong><\/p>\n<p>Lors du payement des cotisations:<\/p>\n<p><strong>\u00a0\u2192 Membres<\/strong><\/p>\n<p>Nom et pr\u00e9nom;<\/p>\n<p>adresse postale (Rue et n\u00b0, code postal, localit\u00e9, pays);<\/p>\n<p>nationalit\u00e9.<\/p>\n<p>&nbsp;<\/p>\n<p><strong>\u2192 Membres du conseil d\u2019administration<\/strong><\/p>\n<p>Titre (facultatif) ;<\/p>\n<p>Nom et pr\u00e9nom ;<\/p>\n<p>adresse postale (Rue et n\u00b0, code postal, localit\u00e9, pays) ;<\/p>\n<p>nationalit\u00e9 (conform\u00e9ment \u00e0 la loi) ;<\/p>\n<p>date et lieu de naissance (conform\u00e9ment \u00e0 la loi)<\/p>\n<p>num\u00e9ro(s) de t\u00e9l\u00e9phone (facultatif) ;<\/p>\n<p>adresse \u00e9lectronique, de courriel (facultatif) ;<\/p>\n<p>&nbsp;<\/p>\n<p><strong><u>Gestion des inscriptions \u00e0 nos \u00e9v\u00e9nements<\/u><\/strong><\/p>\n<p>nom et pr\u00e9nom ;<\/p>\n<p>adresse postale (Rue et n\u00b0, code postal, localit\u00e9, pays);<\/p>\n<p>adresse \u00e9lectronique, de courriel et\/ou num\u00e9ro de t\u00e9l\u00e9phone.<\/p>\n<p>&nbsp;<\/p>\n<p><strong><u>Gestion des listes de contact non membres<\/u><\/strong><\/p>\n<p>nom et pr\u00e9nom ;<\/p>\n<p>adresse, code postal, ville ;<\/p>\n<p>adresse \u00e9lectronique ou\/et num\u00e9ro de t\u00e9l\u00e9phone<\/p>\n<p>profession, soci\u00e9t\u00e9, service, fonction (facultatif)<\/p>\n<p>participation aux formations ou \u00e9v\u00e9nements ant\u00e9rieurs.<\/p>\n<p>&nbsp;<\/p>\n<p><strong><u>Visite de nos sites<\/u><\/strong><\/p>\n<p>adresse IP et mat\u00e9riel\/technologie ;<\/p>\n<p>cookies :<\/p>\n<p>pour tous les visiteurs des sites internet g\u00e9r\u00e9s par le Oekozenter Pafendall, \u00e0 des fins d\u2019\u00e9valuation des statistiques de visites \u00e0 l\u2019aide de Google Analytics.<\/p>\n<p>Sites concern\u00e9s:<\/p>\n<ul>\n<li><a href=\"http:\/\/www.oekozenter.lu\">oekozenter.lu<\/a><\/li>\n<li><a href=\"http:\/\/www.oekobib.lu\">oekobib.lu<\/a><\/li>\n<li><a href=\"http:\/\/www.solawi.lu\">solawi.lu<\/a><\/li>\n<li><a href=\"https:\/\/www.greenevents.lu\/\">greenevents.lu<\/a><\/li>\n<li><a href=\"http:\/\/www.legutool.lu\">legutool.lu<\/a><\/li>\n<li><a href=\"http:\/\/www.ecolabel.lu\">ecolabel.lu<\/a><\/li>\n<li><a href=\"https:\/\/www.oekotopten.lu\/\">oekotopten.lu<\/a><\/li>\n<li><a href=\"http:\/\/www.grenghausnummer.lu\">grenghausnummer.lu<\/a><\/li>\n<li><a href=\"http:\/\/www.Klimaconcours.lu\">Klimaconcours.lu<\/a><\/li>\n<li><a href=\"http:\/\/www.Zerowastechallenge.lu\">Zerowastechallenge.lu<\/a><\/li>\n<\/ul>\n<p>&nbsp;<\/p>\n<p><strong><u>Service de consultation<\/u><\/strong><\/p>\n<p>nom et pr\u00e9nom (facultatif) ;<\/p>\n<p>adresse, code postal, ville (facultatif) ;<\/p>\n<p>adresse \u00e9lectronique ou\/et num\u00e9ro de t\u00e9l\u00e9phone (facultatif).<\/p>\n<p>&nbsp;<\/p>\n<ol>\n<li><strong><u>Pourquoi nous traitons vos donn\u00e9es \u00e0 caract\u00e8re personnel<\/u><\/strong><\/li>\n<\/ol>\n<p>Nous traitons vos donn\u00e9es \u00e0 caract\u00e8re personnel dans le cadre de la r\u00e9alisation de nos missions pour pouvoir:<\/p>\n<p>&#8211; traiter vos demandes de consultation;<\/p>\n<p>&#8211; traiter et g\u00e9rer votre cotisation;<\/p>\n<p>&#8211; satisfaire aux exigences l\u00e9gales ;<\/p>\n<p>&#8211; envoyer des courriels \/ courriers d\u2019information aux membres et non-membres ;<\/p>\n<p>&#8211; g\u00e9rer notre administration (financi\u00e8re) conform\u00e9ment aux exigences l\u00e9gales ;<\/p>\n<p>&#8211; \u00e9tablir des statistiques web ;<\/p>\n<p>&nbsp;<\/p>\n<ol>\n<li><strong><u>L\u00e9gitimit\u00e9 du traitement de donn\u00e9es \u00e0 caract\u00e8re personnel<\/u><\/strong><\/li>\n<\/ol>\n<p>Notre l\u00e9gitimit\u00e9 pour traiter vos donn\u00e9es \u00e0 caract\u00e8re personnel repose sur:<\/p>\n<p>&#8211; le consentement de votre part au traitement de vos donn\u00e9es \u00e0 caract\u00e8re personnel pour une ou plusieurs finalit\u00e9s sp\u00e9cifiques;<\/p>\n<p>&#8211; une n\u00e9cessit\u00e9 d\u2019ex\u00e9cution d\u2019un contrat lorsque le traitement est n\u00e9cessaire \u00e0 l\u2019ex\u00e9cution d\u2019un contrat auquel la personne concern\u00e9e est partie ou \u00e0 l\u2019ex\u00e9cution de mesures pr\u00e9contractuelles prises \u00e0 la demande de celle-ci;<\/p>\n<p>\u2013 l\u2019accomplissement et le respect des finalit\u00e9s de notre organisation telles que d\u00e9finies dans nos missions statutaires et poursuivis par le responsable du traitement ou par un tiers, \u00e0 moins que ne pr\u00e9valent les int\u00e9r\u00eats ou les libert\u00e9s et droits fondamentaux de la personne concern\u00e9e qui exigent une protection des donn\u00e9es \u00e0 caract\u00e8re personnel, notamment lorsque la personne concern\u00e9e est un enfant.<\/p>\n<p>&nbsp;<\/p>\n<ol>\n<li><strong><u>Conservation de vos donn\u00e9es \u00e0 caract\u00e8re personnel<\/u><\/strong><\/li>\n<\/ol>\n<p>Notre objectif consiste \u00e0 supprimer les donn\u00e9es \u00e0 caract\u00e8re personnel d\u00e8s que celles-ci ne nous sont plus n\u00e9cessaires pour r\u00e9aliser nos missions . Certaines donn\u00e9es sont cependant conserv\u00e9es car cela est n\u00e9cessaire en raison d\u2019une obligation l\u00e9gale. A l\u2019exception des obligations l\u00e9gales auxquelles nous devons nous conformer, vous avez toutefois la possibilit\u00e9 de faire valoir vos droits en ce qui concerne vos donn\u00e9es \u00e0 caract\u00e8re personnel. (voir nr.8)<\/p>\n<p>Par contre, les donn\u00e9es que nous livrons annuellement au Recueil \u00e9lectronique des soci\u00e9t\u00e9s et associations ne rel\u00e8vent plus de notre responsabilit\u00e9 quant \u00e0 leur sort (nom, pr\u00e9nom, nationalit\u00e9, lieu de r\u00e9sidence, code postal).<\/p>\n<p>&nbsp;<\/p>\n<ol>\n<li><strong><u>Traitement de vos donn\u00e9es personnelles<\/u><\/strong><\/li>\n<\/ol>\n<p><strong><u><br \/>\nBases l\u00e9gales<\/u><\/strong><\/p>\n<p>L\u2019Oekozenter Pafendall veille \u00e0 assurer ce que ses traitements de vos donn\u00e9es \u00e0 caract\u00e8re personnel soient licites. Dans cet objectif, nous veillons \u00e0 assurer que chaque traitement soit justifi\u00e9 par une base l\u00e9gale valide, telle que le consentement de la personne concern\u00e9e, la n\u00e9cessit\u00e9 \u00e0 l\u2019ex\u00e9cution d\u2019un contrat, ou la n\u00e9cessit\u00e9 \u00e0 des fins l\u00e9gitimes (voir supra \u201cL\u00e9gitimit\u00e9 du traitement de donn\u00e9es \u00e0 caract\u00e8re personnel\u201d) .<\/p>\n<p><strong><u>S\u00e9curit\u00e9<\/u><\/strong><\/p>\n<p>L\u2019Oekozenter Pafendall prend toutes les pr\u00e9cautions utiles pour pr\u00e9server la s\u00e9curit\u00e9 et la confidentialit\u00e9 des donn\u00e9es et notamment, emp\u00eacher qu\u2019elles soient d\u00e9form\u00e9es, endommag\u00e9es, ou que des tiers non autoris\u00e9s y aient acc\u00e8s.<\/p>\n<p><strong><u>Registre des activit\u00e9s de traitement de donn\u00e9es<\/u><\/strong><\/p>\n<p>L\u2019Oekozenter Pafendall tient un registre des activit\u00e9s de traitement de donn\u00e9es qu\u2019il effectue.<\/p>\n<p>&nbsp;<\/p>\n<ol>\n<li><strong><u>Vos droits en ce qui concerne vos donn\u00e9es \u00e0 caract\u00e8re personnel<\/u><\/strong><\/li>\n<\/ol>\n<p>Vous avez le droit de faire une demande pour consulter, corriger ou supprimer vos donn\u00e9es \u00e0 caract\u00e8re personnel. L\u2019Oekozenter Pafendall y donnera suite \u00e0 moins que des obligations l\u00e9gales s\u2019y opposent.<\/p>\n<p>Vous avez un droit d\u2019opposition \u00e0 toute utilisation de vos donn\u00e9es \u00e0 des fins incitatives dans les limites raisonnables des buts d\u00e9finis dans le cadre des missions statutaires de l\u2019organisation.<\/p>\n<p>Si un membre ne d\u00e9sire plus que l\u2019Oekozenter Pafendall utilise ses donn\u00e9es (dans le cadre de la gestion des membres tel que d\u00e9cris pr\u00e9c\u00e9demment), cela implique la d\u00e9mission du membre en question.<\/p>\n<p>Si vous n\u2019\u00eates pas d\u2019accord avec notre d\u00e9cision concernant une demande de droit de regard, de correction, de suppression ou d\u2019opposition, vous pouvez d\u00e9poser une plainte aupr\u00e8s de la Commission nationale pour la protection des donn\u00e9es : <a href=\"http:\/\/www.cnpd.lu\">www.cnpd.lu<\/a><\/p>\n<p>&nbsp;<\/p>\n<ol>\n<li><strong><u>\u00a0Droit \u00e0 l\u2019image<\/u><\/strong><\/li>\n<\/ol>\n<p>Lors d\u2019une manifestation \/ \u00e9v\u00e9nement public\/que organis\u00e9(e) par l\u2019Oekozenter Pafendall, des photos ainsi que d\u2019autres enregistrements sonores ou audiovisuels peuvent \u00eatre pris. Ces documentations peuvent ainsi \u00eatre publi\u00e9s sur diff\u00e9rents supports (site web, publications \u00e9crites, video, etc&#8230;<a href=\"#_ftn1\" name=\"_ftnref1\"><sup>[1]<\/sup><\/a>) pour promouvoir nos activit\u00e9s.<\/p>\n<p>L\u2019Oekozenter Pafendall se permet de garder ces documentations jusqu\u2019au retrait du consentement des personnes concern\u00e9es.<\/p>\n<p>Chaque individu peut s\u2019opposer \u00e0 cette publication soit en envoyant un mail \u00e0 soit <a href=\"mailto:oekozenter@oeko.lu\">oekozenter@oeko.lu<\/a>\u00a0 en appelant 43 90 30 \u2013 40.\u00a0 L\u2019Oekozenter Pafendall, dans la mesure du possible, respectera cette opposition et retirera l\u2019image (la photo individuelle) ou floutera la personne concern\u00e9e.<\/p>\n<p>&nbsp;<\/p>\n<ol>\n<li><strong><u>Questions \/ modifications et rectifications<\/u><\/strong><\/li>\n<\/ol>\n<p>Si vous avez<\/p>\n<ul>\n<li>des questions ou des remarques sur notre politique de confidentialit\u00e9 ou sur la fa\u00e7on dont l\u2019Oekozenter Pafendall traite les donn\u00e9es \u00e0 caract\u00e8re personnel,<\/li>\n<li>vous voulez apporter une modification \u00e0 l\u2019utilisation des donn\u00e9es vous concernant resp vous avez des contestations, r\u00e9clamations et autres selon la RGPD<\/li>\n<\/ul>\n<p>&nbsp;<\/p>\n<p>vous pouvez vous adresser \u00e0 <a href=\"mailto:oekozenter@oeko.lu\" target=\"_blank\" rel=\"noopener noreferrer\">oekozenter@oeko.lu<\/a><\/p>\n<p>ou par courrier postal \u00e0:<\/p>\n<p>Oekozenter Pafendall asbl<\/p>\n<p>6, rue Vauban<\/p>\n<p>L-2663 Luxembourg<\/p>\n<p>&nbsp;<\/p>\n<ol>\n<li><strong><u>Modifications apport\u00e9es \u00e0 la politique de confidentialit\u00e9<\/u><\/strong><\/li>\n<\/ol>\n<p>Nous nous r\u00e9servons le droit d\u2019apporter des modifications \u00e0 la politique de confidentialit\u00e9. Veuillez d\u00e8s lors consulter r\u00e9guli\u00e8rement notre politique de confidentialit\u00e9 pour constater d\u2019\u00e9ventuelles modifications.<\/p>\n<p>&nbsp;<\/p>\n<p>&nbsp;<\/p>\n<p><a href=\"#_ftnref1\" name=\"_ftn1\">[1]<\/a> Liste non exhaustive<\/p>\n<\/div>","protected":false},"excerpt":{"rendered":"<p>Politique de confidentialit\u00e9 (cette politique de confidentialit\u00e9 est bas\u00e9e sur le r\u00e8glement europ\u00e9en RGPD1 (UE) 2016\/679 en vigueur le 25 mai 2018) Note pr\u00e9liminaire : Le terme \u201cnous\u201d dans le texte ci-dessous se r\u00e9f\u00e8re au Oekozenter Pafendall Introduction Le 25 mai 2018, le r\u00e8glement europ\u00e9en N\u00b0 2016\/679, dit \u00ab R\u00e8glement G\u00e9n\u00e9ral sur la Protection des [&hellip;]<\/p>\n","protected":false},"author":1,"featured_media":0,"parent":0,"menu_order":0,"comment_status":"closed","ping_status":"closed","template":"","meta":{"_acf_changed":false,"footnotes":""},"class_list":["post-4024","page","type-page","status-publish","hentry"],"acf":[],"yoast_head":"<!-- This site is optimized with the Yoast SEO plugin v27.2 - https:\/\/yoast.com\/product\/yoast-seo-wordpress\/ -->\n<title>Politique de confidentialit\u00e9 - Haus<\/title>\n<meta name=\"robots\" content=\"index, follow, max-snippet:-1, max-image-preview:large, max-video-preview:-1\" \/>\n<link rel=\"canonical\" href=\"https:\/\/haus.oekozenter.lu\/datenschutzerklaerung\/\" \/>\n<meta property=\"og:locale\" content=\"fr_FR\" \/>\n<meta property=\"og:type\" content=\"article\" \/>\n<meta property=\"og:title\" content=\"Politique de confidentialit\u00e9 - Haus\" \/>\n<meta property=\"og:description\" content=\"Politique de confidentialit\u00e9 (cette politique de confidentialit\u00e9 est bas\u00e9e sur le r\u00e8glement europ\u00e9en RGPD1 (UE) 2016\/679 en vigueur le 25 mai 2018) Note pr\u00e9liminaire : Le terme \u201cnous\u201d dans le texte ci-dessous se r\u00e9f\u00e8re au Oekozenter Pafendall Introduction Le 25 mai 2018, le r\u00e8glement europ\u00e9en N\u00b0 2016\/679, dit \u00ab R\u00e8glement G\u00e9n\u00e9ral sur la Protection des [&hellip;]\" \/>\n<meta property=\"og:url\" content=\"https:\/\/haus.oekozenter.lu\/datenschutzerklaerung\/\" \/>\n<meta property=\"og:site_name\" content=\"Haus\" \/>\n<meta property=\"article:modified_time\" content=\"2021-09-20T08:27:22+00:00\" \/>\n<meta name=\"twitter:card\" content=\"summary_large_image\" \/>\n<meta name=\"twitter:label1\" content=\"Dur\u00e9e de lecture estim\u00e9e\" \/>\n\t<meta name=\"twitter:data1\" content=\"9 minutes\" \/>\n<script type=\"application\/ld+json\" class=\"yoast-schema-graph\">{\"@context\":\"https:\/\/schema.org\",\"@graph\":[{\"@type\":\"WebPage\",\"@id\":\"https:\/\/haus.oekozenter.lu\/datenschutzerklaerung\/\",\"url\":\"https:\/\/haus.oekozenter.lu\/datenschutzerklaerung\/\",\"name\":\"Politique de confidentialit\u00e9 - Haus\",\"isPartOf\":{\"@id\":\"https:\/\/haus.oekozenter.lu\/#website\"},\"datePublished\":\"2020-07-13T14:02:23+00:00\",\"dateModified\":\"2021-09-20T08:27:22+00:00\",\"breadcrumb\":{\"@id\":\"https:\/\/haus.oekozenter.lu\/datenschutzerklaerung\/#breadcrumb\"},\"inLanguage\":\"fr-FR\",\"potentialAction\":[{\"@type\":\"ReadAction\",\"target\":[\"https:\/\/haus.oekozenter.lu\/datenschutzerklaerung\/\"]}]},{\"@type\":\"BreadcrumbList\",\"@id\":\"https:\/\/haus.oekozenter.lu\/datenschutzerklaerung\/#breadcrumb\",\"itemListElement\":[{\"@type\":\"ListItem\",\"position\":1,\"name\":\"Home\",\"item\":\"https:\/\/haus.oekozenter.lu\/fr\/\"},{\"@type\":\"ListItem\",\"position\":2,\"name\":\"Politique de confidentialit\u00e9\"}]},{\"@type\":\"WebSite\",\"@id\":\"https:\/\/haus.oekozenter.lu\/#website\",\"url\":\"https:\/\/haus.oekozenter.lu\/\",\"name\":\"Haus\",\"description\":\"Un site utilisant Mouvement \u00e9cologique Global\",\"potentialAction\":[{\"@type\":\"SearchAction\",\"target\":{\"@type\":\"EntryPoint\",\"urlTemplate\":\"https:\/\/haus.oekozenter.lu\/?s={search_term_string}\"},\"query-input\":{\"@type\":\"PropertyValueSpecification\",\"valueRequired\":true,\"valueName\":\"search_term_string\"}}],\"inLanguage\":\"fr-FR\"}]}<\/script>\n<!-- \/ Yoast SEO plugin. -->","yoast_head_json":{"title":"Politique de confidentialit\u00e9 - Haus","robots":{"index":"index","follow":"follow","max-snippet":"max-snippet:-1","max-image-preview":"max-image-preview:large","max-video-preview":"max-video-preview:-1"},"canonical":"https:\/\/haus.oekozenter.lu\/datenschutzerklaerung\/","og_locale":"fr_FR","og_type":"article","og_title":"Politique de confidentialit\u00e9 - Haus","og_description":"Politique de confidentialit\u00e9 (cette politique de confidentialit\u00e9 est bas\u00e9e sur le r\u00e8glement europ\u00e9en RGPD1 (UE) 2016\/679 en vigueur le 25 mai 2018) Note pr\u00e9liminaire : Le terme \u201cnous\u201d dans le texte ci-dessous se r\u00e9f\u00e8re au Oekozenter Pafendall Introduction Le 25 mai 2018, le r\u00e8glement europ\u00e9en N\u00b0 2016\/679, dit \u00ab R\u00e8glement G\u00e9n\u00e9ral sur la Protection des [&hellip;]","og_url":"https:\/\/haus.oekozenter.lu\/datenschutzerklaerung\/","og_site_name":"Haus","article_modified_time":"2021-09-20T08:27:22+00:00","twitter_card":"summary_large_image","twitter_misc":{"Dur\u00e9e de lecture estim\u00e9e":"9 minutes"},"schema":{"@context":"https:\/\/schema.org","@graph":[{"@type":"WebPage","@id":"https:\/\/haus.oekozenter.lu\/datenschutzerklaerung\/","url":"https:\/\/haus.oekozenter.lu\/datenschutzerklaerung\/","name":"Politique de confidentialit\u00e9 - Haus","isPartOf":{"@id":"https:\/\/haus.oekozenter.lu\/#website"},"datePublished":"2020-07-13T14:02:23+00:00","dateModified":"2021-09-20T08:27:22+00:00","breadcrumb":{"@id":"https:\/\/haus.oekozenter.lu\/datenschutzerklaerung\/#breadcrumb"},"inLanguage":"fr-FR","potentialAction":[{"@type":"ReadAction","target":["https:\/\/haus.oekozenter.lu\/datenschutzerklaerung\/"]}]},{"@type":"BreadcrumbList","@id":"https:\/\/haus.oekozenter.lu\/datenschutzerklaerung\/#breadcrumb","itemListElement":[{"@type":"ListItem","position":1,"name":"Home","item":"https:\/\/haus.oekozenter.lu\/fr\/"},{"@type":"ListItem","position":2,"name":"Politique de confidentialit\u00e9"}]},{"@type":"WebSite","@id":"https:\/\/haus.oekozenter.lu\/#website","url":"https:\/\/haus.oekozenter.lu\/","name":"Haus","description":"Un site utilisant Mouvement \u00e9cologique Global","potentialAction":[{"@type":"SearchAction","target":{"@type":"EntryPoint","urlTemplate":"https:\/\/haus.oekozenter.lu\/?s={search_term_string}"},"query-input":{"@type":"PropertyValueSpecification","valueRequired":true,"valueName":"search_term_string"}}],"inLanguage":"fr-FR"}]}},"_links":{"self":[{"href":"https:\/\/haus.oekozenter.lu\/fr\/wp-json\/wp\/v2\/pages\/4024","targetHints":{"allow":["GET"]}}],"collection":[{"href":"https:\/\/haus.oekozenter.lu\/fr\/wp-json\/wp\/v2\/pages"}],"about":[{"href":"https:\/\/haus.oekozenter.lu\/fr\/wp-json\/wp\/v2\/types\/page"}],"author":[{"embeddable":true,"href":"https:\/\/haus.oekozenter.lu\/fr\/wp-json\/wp\/v2\/users\/1"}],"replies":[{"embeddable":true,"href":"https:\/\/haus.oekozenter.lu\/fr\/wp-json\/wp\/v2\/comments?post=4024"}],"version-history":[{"count":1,"href":"https:\/\/haus.oekozenter.lu\/fr\/wp-json\/wp\/v2\/pages\/4024\/revisions"}],"predecessor-version":[{"id":4025,"href":"https:\/\/haus.oekozenter.lu\/fr\/wp-json\/wp\/v2\/pages\/4024\/revisions\/4025"}],"wp:attachment":[{"href":"https:\/\/haus.oekozenter.lu\/fr\/wp-json\/wp\/v2\/media?parent=4024"}],"curies":[{"name":"wp","href":"https:\/\/api.w.org\/{rel}","templated":true}]}}