{"id":3880,"date":"2014-06-19T16:42:40","date_gmt":"2014-06-19T14:42:40","guid":{"rendered":"https:\/\/haus.oekozenter.lu\/bauberatung\/"},"modified":"2023-06-30T10:11:26","modified_gmt":"2023-06-30T08:11:26","slug":"construire-et-habiter","status":"publish","type":"page","link":"https:\/\/haus.oekozenter.lu\/fr\/construire-et-habiter\/","title":{"rendered":"Construire et habiter"},"content":{"rendered":"<div class=\"pf-content\"><h2>Conseil en construction \u00e9cologique &#8211; pour un logement durable et sain<\/h2>\n<p>Quelle isolation dois-je utiliser pour le mur ext\u00e9rieur de ma maison ? Dois-je construire en bois ou de fa\u00e7on massive ? Et quel rev\u00eatement de sol ne pollue pas l\u2019air int\u00e9rieur ? Vous pouvez poser ces questions et de bien d\u2019autres aupr\u00e8s du service de conseil en construction \u00e9cologique. Notre architecte fournit des conseils ind\u00e9pendants et comp\u00e9tents aux particuliers et aux professionnels sur tout ce qui concerne la construction de maisons durables. Les questions relatives aux produits inoffensifs et aux mat\u00e9riaux de construction \u00e9cologiques sont prises en compte ainsi que la construction \u00e0 haute efficacit\u00e9 \u00e9nerg\u00e9tique pour les nouveaux b\u00e2timents comme pour les anciens. Avec une premi\u00e8re consultation gratuite nous essayons de vous montrer une fa\u00e7on d\u2019aborder votre projet de construction durable.<\/p>\n<p>D\u2019autres projets du service de conseil en construction \u00e9cologique traitent de sujets d\u2019int\u00e9r\u00eat public: Pendant les semaines de l\u2019\u00e9nergie nous visitons des projets de construction exemplaires avec un public int\u00e9ress\u00e9, des b\u00e2timents avec une isolation int\u00e9rieure sont mesur\u00e9s et document\u00e9s, des projets l\u00e9gislatifs tels qu\u2019une certification de construction durable ou le calcul de constructions \u00e9cologiques sont initi\u00e9s et accompagn\u00e9s.<\/p>\n<p>En outre, le service conseil en construction \u00e9cologique propose des formations et des s\u00e9minaires pour les professionnels ainsi que pour les citoyens int\u00e9ress\u00e9s.<\/p>\n<p>Le service de conseil en construction \u00e9cologique est le repr\u00e9sentant national de Natureplus. Le label de qualit\u00e9 Natureplus fournit aux consommateurs et aux professionnels du b\u00e2timent des informations sur la mani\u00e8re de trouver les meilleurs produits sur le march\u00e9 dans le domaine de la construction durable.<\/p>\n<p>&nbsp;<\/p>\n<\/div>","protected":false},"excerpt":{"rendered":"<p>Conseil en construction \u00e9cologique &#8211; pour un logement durable et sain Quelle isolation dois-je utiliser pour le mur ext\u00e9rieur de ma maison ? Dois-je construire en bois ou de fa\u00e7on massive ? Et quel rev\u00eatement de sol ne pollue pas l\u2019air int\u00e9rieur ? Vous pouvez poser ces questions et de bien d\u2019autres aupr\u00e8s du service [&hellip;]<\/p>\n","protected":false},"author":1,"featured_media":3462,"parent":0,"menu_order":2,"comment_status":"closed","ping_status":"closed","template":"template-services.php","meta":{"_acf_changed":false,"footnotes":""},"class_list":["post-3880","page","type-page","status-publish","has-post-thumbnail","hentry"],"acf":[],"yoast_head":"<!-- This site is optimized with the Yoast SEO plugin v27.2 - https:\/\/yoast.com\/product\/yoast-seo-wordpress\/ -->\n<title>\u00d6kologische Bauberatung - pour un logement durable et sain<\/title>\n<meta name=\"description\" content=\"Notre architecte fournit des conseils ind\u00e9pendants et comp\u00e9tents aux particuliers et aux professionnels sur tout ce qui concerne la construction \u00e9cologique.\" \/>\n<meta name=\"robots\" content=\"index, follow, max-snippet:-1, max-image-preview:large, max-video-preview:-1\" \/>\n<link rel=\"canonical\" href=\"https:\/\/haus.oekozenter.lu\/bauberatung\/\" \/>\n<meta property=\"og:locale\" content=\"fr_FR\" \/>\n<meta property=\"og:type\" content=\"article\" \/>\n<meta property=\"og:title\" content=\"\u00d6kologische Bauberatung - pour un logement durable et sain\" \/>\n<meta property=\"og:description\" content=\"Notre architecte fournit des conseils ind\u00e9pendants et comp\u00e9tents aux particuliers et aux professionnels sur tout ce qui concerne la construction \u00e9cologique.\" \/>\n<meta property=\"og:url\" content=\"https:\/\/haus.oekozenter.lu\/bauberatung\/\" \/>\n<meta property=\"og:site_name\" content=\"Haus\" \/>\n<meta property=\"article:modified_time\" content=\"2023-06-30T08:11:26+00:00\" \/>\n<meta property=\"og:image\" content=\"https:\/\/haus.oekozenter.lu\/wp-content\/uploads\/sites\/13\/2021\/02\/nachhaltig-bauen-210x80-1.jpg\" \/>\n\t<meta property=\"og:image:width\" content=\"210\" \/>\n\t<meta property=\"og:image:height\" content=\"80\" \/>\n\t<meta property=\"og:image:type\" content=\"image\/jpeg\" \/>\n<meta name=\"twitter:card\" content=\"summary_large_image\" \/>\n<meta name=\"twitter:label1\" content=\"Dur\u00e9e de lecture estim\u00e9e\" \/>\n\t<meta name=\"twitter:data1\" content=\"3 minutes\" \/>\n<script type=\"application\/ld+json\" class=\"yoast-schema-graph\">{\"@context\":\"https:\/\/schema.org\",\"@graph\":[{\"@type\":\"WebPage\",\"@id\":\"https:\/\/haus.oekozenter.lu\/bauberatung\/\",\"url\":\"https:\/\/haus.oekozenter.lu\/bauberatung\/\",\"name\":\"\u00d6kologische Bauberatung - pour un logement durable et sain\",\"isPartOf\":{\"@id\":\"https:\/\/haus.oekozenter.lu\/#website\"},\"primaryImageOfPage\":{\"@id\":\"https:\/\/haus.oekozenter.lu\/bauberatung\/#primaryimage\"},\"image\":{\"@id\":\"https:\/\/haus.oekozenter.lu\/bauberatung\/#primaryimage\"},\"thumbnailUrl\":\"https:\/\/haus.oekozenter.lu\/wp-content\/uploads\/sites\/13\/2021\/02\/nachhaltig-bauen-210x80-1.jpg\",\"datePublished\":\"2014-06-19T14:42:40+00:00\",\"dateModified\":\"2023-06-30T08:11:26+00:00\",\"description\":\"Notre architecte fournit des conseils ind\u00e9pendants et comp\u00e9tents aux particuliers et aux professionnels sur tout ce qui concerne la construction \u00e9cologique.\",\"breadcrumb\":{\"@id\":\"https:\/\/haus.oekozenter.lu\/bauberatung\/#breadcrumb\"},\"inLanguage\":\"fr-FR\",\"potentialAction\":[{\"@type\":\"ReadAction\",\"target\":[\"https:\/\/haus.oekozenter.lu\/bauberatung\/\"]}]},{\"@type\":\"ImageObject\",\"inLanguage\":\"fr-FR\",\"@id\":\"https:\/\/haus.oekozenter.lu\/bauberatung\/#primaryimage\",\"url\":\"https:\/\/haus.oekozenter.lu\/wp-content\/uploads\/sites\/13\/2021\/02\/nachhaltig-bauen-210x80-1.jpg\",\"contentUrl\":\"https:\/\/haus.oekozenter.lu\/wp-content\/uploads\/sites\/13\/2021\/02\/nachhaltig-bauen-210x80-1.jpg\",\"width\":210,\"height\":80},{\"@type\":\"BreadcrumbList\",\"@id\":\"https:\/\/haus.oekozenter.lu\/bauberatung\/#breadcrumb\",\"itemListElement\":[{\"@type\":\"ListItem\",\"position\":1,\"name\":\"Home\",\"item\":\"https:\/\/haus.oekozenter.lu\/fr\/\"},{\"@type\":\"ListItem\",\"position\":2,\"name\":\"Construire et habiter\"}]},{\"@type\":\"WebSite\",\"@id\":\"https:\/\/haus.oekozenter.lu\/#website\",\"url\":\"https:\/\/haus.oekozenter.lu\/\",\"name\":\"Haus\",\"description\":\"Un site utilisant Mouvement \u00e9cologique Global\",\"potentialAction\":[{\"@type\":\"SearchAction\",\"target\":{\"@type\":\"EntryPoint\",\"urlTemplate\":\"https:\/\/haus.oekozenter.lu\/?s={search_term_string}\"},\"query-input\":{\"@type\":\"PropertyValueSpecification\",\"valueRequired\":true,\"valueName\":\"search_term_string\"}}],\"inLanguage\":\"fr-FR\"}]}<\/script>\n<!-- \/ Yoast SEO plugin. -->","yoast_head_json":{"title":"\u00d6kologische Bauberatung - pour un logement durable et sain","description":"Notre architecte fournit des conseils ind\u00e9pendants et comp\u00e9tents aux particuliers et aux professionnels sur tout ce qui concerne la construction \u00e9cologique.","robots":{"index":"index","follow":"follow","max-snippet":"max-snippet:-1","max-image-preview":"max-image-preview:large","max-video-preview":"max-video-preview:-1"},"canonical":"https:\/\/haus.oekozenter.lu\/bauberatung\/","og_locale":"fr_FR","og_type":"article","og_title":"\u00d6kologische Bauberatung - pour un logement durable et sain","og_description":"Notre architecte fournit des conseils ind\u00e9pendants et comp\u00e9tents aux particuliers et aux professionnels sur tout ce qui concerne la construction \u00e9cologique.","og_url":"https:\/\/haus.oekozenter.lu\/bauberatung\/","og_site_name":"Haus","article_modified_time":"2023-06-30T08:11:26+00:00","og_image":[{"width":210,"height":80,"url":"https:\/\/haus.oekozenter.lu\/wp-content\/uploads\/sites\/13\/2021\/02\/nachhaltig-bauen-210x80-1.jpg","type":"image\/jpeg"}],"twitter_card":"summary_large_image","twitter_misc":{"Dur\u00e9e de lecture estim\u00e9e":"3 minutes"},"schema":{"@context":"https:\/\/schema.org","@graph":[{"@type":"WebPage","@id":"https:\/\/haus.oekozenter.lu\/bauberatung\/","url":"https:\/\/haus.oekozenter.lu\/bauberatung\/","name":"\u00d6kologische Bauberatung - pour un logement durable et sain","isPartOf":{"@id":"https:\/\/haus.oekozenter.lu\/#website"},"primaryImageOfPage":{"@id":"https:\/\/haus.oekozenter.lu\/bauberatung\/#primaryimage"},"image":{"@id":"https:\/\/haus.oekozenter.lu\/bauberatung\/#primaryimage"},"thumbnailUrl":"https:\/\/haus.oekozenter.lu\/wp-content\/uploads\/sites\/13\/2021\/02\/nachhaltig-bauen-210x80-1.jpg","datePublished":"2014-06-19T14:42:40+00:00","dateModified":"2023-06-30T08:11:26+00:00","description":"Notre architecte fournit des conseils ind\u00e9pendants et comp\u00e9tents aux particuliers et aux professionnels sur tout ce qui concerne la construction \u00e9cologique.","breadcrumb":{"@id":"https:\/\/haus.oekozenter.lu\/bauberatung\/#breadcrumb"},"inLanguage":"fr-FR","potentialAction":[{"@type":"ReadAction","target":["https:\/\/haus.oekozenter.lu\/bauberatung\/"]}]},{"@type":"ImageObject","inLanguage":"fr-FR","@id":"https:\/\/haus.oekozenter.lu\/bauberatung\/#primaryimage","url":"https:\/\/haus.oekozenter.lu\/wp-content\/uploads\/sites\/13\/2021\/02\/nachhaltig-bauen-210x80-1.jpg","contentUrl":"https:\/\/haus.oekozenter.lu\/wp-content\/uploads\/sites\/13\/2021\/02\/nachhaltig-bauen-210x80-1.jpg","width":210,"height":80},{"@type":"BreadcrumbList","@id":"https:\/\/haus.oekozenter.lu\/bauberatung\/#breadcrumb","itemListElement":[{"@type":"ListItem","position":1,"name":"Home","item":"https:\/\/haus.oekozenter.lu\/fr\/"},{"@type":"ListItem","position":2,"name":"Construire et habiter"}]},{"@type":"WebSite","@id":"https:\/\/haus.oekozenter.lu\/#website","url":"https:\/\/haus.oekozenter.lu\/","name":"Haus","description":"Un site utilisant Mouvement \u00e9cologique Global","potentialAction":[{"@type":"SearchAction","target":{"@type":"EntryPoint","urlTemplate":"https:\/\/haus.oekozenter.lu\/?s={search_term_string}"},"query-input":{"@type":"PropertyValueSpecification","valueRequired":true,"valueName":"search_term_string"}}],"inLanguage":"fr-FR"}]}},"_links":{"self":[{"href":"https:\/\/haus.oekozenter.lu\/fr\/wp-json\/wp\/v2\/pages\/3880","targetHints":{"allow":["GET"]}}],"collection":[{"href":"https:\/\/haus.oekozenter.lu\/fr\/wp-json\/wp\/v2\/pages"}],"about":[{"href":"https:\/\/haus.oekozenter.lu\/fr\/wp-json\/wp\/v2\/types\/page"}],"author":[{"embeddable":true,"href":"https:\/\/haus.oekozenter.lu\/fr\/wp-json\/wp\/v2\/users\/1"}],"replies":[{"embeddable":true,"href":"https:\/\/haus.oekozenter.lu\/fr\/wp-json\/wp\/v2\/comments?post=3880"}],"version-history":[{"count":3,"href":"https:\/\/haus.oekozenter.lu\/fr\/wp-json\/wp\/v2\/pages\/3880\/revisions"}],"predecessor-version":[{"id":6003,"href":"https:\/\/haus.oekozenter.lu\/fr\/wp-json\/wp\/v2\/pages\/3880\/revisions\/6003"}],"wp:featuredmedia":[{"embeddable":true,"href":"https:\/\/haus.oekozenter.lu\/fr\/wp-json\/wp\/v2\/media\/3462"}],"wp:attachment":[{"href":"https:\/\/haus.oekozenter.lu\/fr\/wp-json\/wp\/v2\/media?parent=3880"}],"curies":[{"name":"wp","href":"https:\/\/api.w.org\/{rel}","templated":true}]}}