{"id":3757,"date":"2016-11-24T10:15:32","date_gmt":"2016-11-24T10:15:32","guid":{"rendered":"https:\/\/haus.oekozenter.lu\/cookie-policy\/"},"modified":"2016-11-24T10:15:32","modified_gmt":"2016-11-24T10:15:32","slug":"cookie-policy","status":"publish","type":"page","link":"https:\/\/haus.oekozenter.lu\/fr\/cookie-policy\/","title":{"rendered":"cookie-policy"},"content":{"rendered":"<section class=\"wpb-content-wrapper\"><div class=\"pf-content\"><p>[vc_row][vc_column width=\u00a0\u00bb1\/1&Prime;][vc_column_text]<\/p>\n<h1><strong>Datenschutzhinweise<\/strong><\/h1>\n<h2><strong>Nutzung von Google Analytics und Cookies <\/strong><\/h2>\n<p>Die vorliegende Webseite nutzt Google Analytics zur statistischen Auswertung der Besuche<strong>.<\/strong> Dies erfolgt mit Hilfe von Cookies, die tempor\u00e4r auf dem Computer des Besuchers\/der Besucherin gespeichert und zur statistischen Aufbereitung an Google weiteregegeben werden (Informationen wie etwa die Besuchsdauer, die Anzahl der besuchten Seiten, usw.).<\/p>\n<p>Bei Google Analytics handelt es sich um einen Webanalysedienst der Google Inc. (\u201eGoogle\u201c). Google verwendet Cookies. Die durch das Cookie erzeugten Informationen \u00fcber die Benutzung des Onlineangebotes durch die Nutzer werden in der Regel an einen Server von Google in den USA \u00fcbertragen und dort gespeichert.Google wird diese Informationen in unserem Auftrag benutzen, um die Nutzung unseres Onlineangebotes durch die Nutzer auszuwerten, um Reports \u00fcber die Aktivit\u00e4ten innerhalb dieses Onlineangebotes zusammenzustellen und um weitere mit der Nutzung dieses Onlineangebotes und der Internetnutzung verbundene Dienstleistungen uns gegen\u00fcber zu erbringen. Dabei k\u00f6nnen aus den verarbeiteten Daten pseudonyme Nutzungsprofile der Nutzer erstellt werden.<\/p>\n<p>Wir setzen Google Analytics nur mit aktivierter IP-Anonymisierung ein. Das bedeutet, die IP-Adresse der Nutzer wird von Google innerhalb von Mitgliedstaaten der Europ\u00e4ischen Union oder in anderen Vertragsstaaten des Abkommens \u00fcber den Europ\u00e4ischen Wirtschaftsraum gek\u00fcrzt. Nur in Ausnahmef\u00e4llen wird die volle IP-Adresse an einen Server von Google in den USA \u00fcbertragen und dort gek\u00fcrzt.\u00a0Die von dem Browser des Nutzers \u00fcbermittelte IP-Adresse wird nicht mit anderen Daten von Google zusammengef\u00fchrt.<\/p>\n<p>Die Nutzer k\u00f6nnen die Speicherung der Cookies durch eine entsprechende Einstellung ihrer Browser-Software verhindern; die Nutzer k\u00f6nnen dar\u00fcber hinaus die Erfassung der durch das Cookie erzeugten und auf ihre Nutzung des Onlineangebotes bezogenen Daten an Google sowie die Verarbeitung dieser Daten durch Google verhindern, indem sie das unter dem folgenden Link verf\u00fcgbare Browser-Plugin herunterladen und installieren:\u00a0<a href=\"http:\/\/tools.google.com\/dlpage\/gaoptout?hl=de\">http:\/\/tools.google.com\/dlpage\/gaoptout?hl=de<\/a><\/p>\n<p>Weitere Informationen zur Datennutzung zu Werbezwecken durch Google, Einstellungs- und Widerspruchsm\u00f6glichkeitenerfahren Sie auf den Webseiten von Google:\u00a0<a href=\"https:\/\/www.google.com\/intl\/de\/policies\/privacy\/partners\/\">https:\/\/www.google.com\/intl\/de\/policies\/privacy\/partners\/<\/a><br \/>\n(\u201eDatennutzung durch Google bei Ihrer Nutzung von Websites oder Apps unserer Partner\u201c),<br \/>\n<a href=\"http:\/\/www.google.com\/policies\/technologies\/ads\">http:\/\/www.google.com\/policies\/technologies\/ads<\/a><u><br \/>\n<\/u>(\u201eDatennutzung zu Werbezwecken\u201c),<a href=\"\/www.google.de\/settings\/ads\"><br \/>\nhttp:\/\/www.google.de\/settings\/ads<\/a><br \/>\n(\u201eInformationen verwalten, die Google verwendet, um Ihnen Werbung einzublenden\u201c) und\u00a0<a href=\"http:\/\/www.google.com\/ads\/preferences\/\">http:\/\/www.google.com\/ads\/preferences\/<\/a><br \/>\n(\u201eBestimmen Sie, welche Werbung Google Ihnen zeigt\u201c).<\/p>\n<p><strong>Hinweis zu Google Analytics nach\u00a0Muster\u00a0von Rechtsanwalt Dr. Thomas Schwenke<\/strong><\/p>\n<p><a href=\"http:\/\/rechtsanwalt-schwenke.de\/google-analytics-datenschutz-muster-faq\/\">http:\/\/rechtsanwalt-schwenke.de\/google-analytics-datenschutz-muster-faq\/<\/a>[\/vc_column_text][\/vc_column][\/vc_row]<\/p>\n<\/div><\/section>","protected":false},"excerpt":{"rendered":"<p>[vc_row][vc_column width=\u00a0\u00bb1\/1&Prime;][vc_column_text] Datenschutzhinweise Nutzung von Google Analytics und Cookies Die vorliegende Webseite nutzt Google Analytics zur statistischen Auswertung der Besuche. Dies erfolgt mit Hilfe von Cookies, die tempor\u00e4r auf dem Computer des Besuchers\/der Besucherin gespeichert und zur statistischen Aufbereitung an Google weiteregegeben werden (Informationen wie etwa die Besuchsdauer, die Anzahl der besuchten Seiten, usw.). Bei [&hellip;]<\/p>\n","protected":false},"author":1,"featured_media":0,"parent":0,"menu_order":0,"comment_status":"closed","ping_status":"closed","template":"","meta":{"_acf_changed":false,"footnotes":""},"class_list":["post-3757","page","type-page","status-publish","hentry"],"acf":[],"yoast_head":"<!-- This site is optimized with the Yoast SEO plugin v27.2 - https:\/\/yoast.com\/product\/yoast-seo-wordpress\/ -->\n<title>cookie-policy - Haus<\/title>\n<meta name=\"robots\" content=\"index, follow, max-snippet:-1, max-image-preview:large, max-video-preview:-1\" \/>\n<link rel=\"canonical\" href=\"https:\/\/haus.oekozenter.lu\/cookie-policy\/\" \/>\n<meta property=\"og:locale\" content=\"fr_FR\" \/>\n<meta property=\"og:type\" content=\"article\" \/>\n<meta property=\"og:title\" content=\"cookie-policy - Haus\" \/>\n<meta property=\"og:description\" content=\"[vc_row][vc_column width=\u00a0\u00bb1\/1&Prime;][vc_column_text] Datenschutzhinweise Nutzung von Google Analytics und Cookies Die vorliegende Webseite nutzt Google Analytics zur statistischen Auswertung der Besuche. Dies erfolgt mit Hilfe von Cookies, die tempor\u00e4r auf dem Computer des Besuchers\/der Besucherin gespeichert und zur statistischen Aufbereitung an Google weiteregegeben werden (Informationen wie etwa die Besuchsdauer, die Anzahl der besuchten Seiten, usw.). Bei [&hellip;]\" \/>\n<meta property=\"og:url\" content=\"https:\/\/haus.oekozenter.lu\/cookie-policy\/\" \/>\n<meta property=\"og:site_name\" content=\"Haus\" \/>\n<meta name=\"twitter:card\" content=\"summary_large_image\" \/>\n<meta name=\"twitter:label1\" content=\"Dur\u00e9e de lecture estim\u00e9e\" \/>\n\t<meta name=\"twitter:data1\" content=\"2 minutes\" \/>\n<script type=\"application\/ld+json\" class=\"yoast-schema-graph\">{\"@context\":\"https:\/\/schema.org\",\"@graph\":[{\"@type\":\"WebPage\",\"@id\":\"https:\/\/haus.oekozenter.lu\/cookie-policy\/\",\"url\":\"https:\/\/haus.oekozenter.lu\/cookie-policy\/\",\"name\":\"cookie-policy - Haus\",\"isPartOf\":{\"@id\":\"https:\/\/haus.oekozenter.lu\/#website\"},\"datePublished\":\"2016-11-24T10:15:32+00:00\",\"breadcrumb\":{\"@id\":\"https:\/\/haus.oekozenter.lu\/cookie-policy\/#breadcrumb\"},\"inLanguage\":\"fr-FR\",\"potentialAction\":[{\"@type\":\"ReadAction\",\"target\":[\"https:\/\/haus.oekozenter.lu\/cookie-policy\/\"]}]},{\"@type\":\"BreadcrumbList\",\"@id\":\"https:\/\/haus.oekozenter.lu\/cookie-policy\/#breadcrumb\",\"itemListElement\":[{\"@type\":\"ListItem\",\"position\":1,\"name\":\"Home\",\"item\":\"https:\/\/haus.oekozenter.lu\/fr\/\"},{\"@type\":\"ListItem\",\"position\":2,\"name\":\"cookie-policy\"}]},{\"@type\":\"WebSite\",\"@id\":\"https:\/\/haus.oekozenter.lu\/#website\",\"url\":\"https:\/\/haus.oekozenter.lu\/\",\"name\":\"Haus\",\"description\":\"Un site utilisant Mouvement \u00e9cologique Global\",\"potentialAction\":[{\"@type\":\"SearchAction\",\"target\":{\"@type\":\"EntryPoint\",\"urlTemplate\":\"https:\/\/haus.oekozenter.lu\/?s={search_term_string}\"},\"query-input\":{\"@type\":\"PropertyValueSpecification\",\"valueRequired\":true,\"valueName\":\"search_term_string\"}}],\"inLanguage\":\"fr-FR\"}]}<\/script>\n<!-- \/ Yoast SEO plugin. -->","yoast_head_json":{"title":"cookie-policy - Haus","robots":{"index":"index","follow":"follow","max-snippet":"max-snippet:-1","max-image-preview":"max-image-preview:large","max-video-preview":"max-video-preview:-1"},"canonical":"https:\/\/haus.oekozenter.lu\/cookie-policy\/","og_locale":"fr_FR","og_type":"article","og_title":"cookie-policy - Haus","og_description":"[vc_row][vc_column width=\u00a0\u00bb1\/1&Prime;][vc_column_text] Datenschutzhinweise Nutzung von Google Analytics und Cookies Die vorliegende Webseite nutzt Google Analytics zur statistischen Auswertung der Besuche. Dies erfolgt mit Hilfe von Cookies, die tempor\u00e4r auf dem Computer des Besuchers\/der Besucherin gespeichert und zur statistischen Aufbereitung an Google weiteregegeben werden (Informationen wie etwa die Besuchsdauer, die Anzahl der besuchten Seiten, usw.). Bei [&hellip;]","og_url":"https:\/\/haus.oekozenter.lu\/cookie-policy\/","og_site_name":"Haus","twitter_card":"summary_large_image","twitter_misc":{"Dur\u00e9e de lecture estim\u00e9e":"2 minutes"},"schema":{"@context":"https:\/\/schema.org","@graph":[{"@type":"WebPage","@id":"https:\/\/haus.oekozenter.lu\/cookie-policy\/","url":"https:\/\/haus.oekozenter.lu\/cookie-policy\/","name":"cookie-policy - Haus","isPartOf":{"@id":"https:\/\/haus.oekozenter.lu\/#website"},"datePublished":"2016-11-24T10:15:32+00:00","breadcrumb":{"@id":"https:\/\/haus.oekozenter.lu\/cookie-policy\/#breadcrumb"},"inLanguage":"fr-FR","potentialAction":[{"@type":"ReadAction","target":["https:\/\/haus.oekozenter.lu\/cookie-policy\/"]}]},{"@type":"BreadcrumbList","@id":"https:\/\/haus.oekozenter.lu\/cookie-policy\/#breadcrumb","itemListElement":[{"@type":"ListItem","position":1,"name":"Home","item":"https:\/\/haus.oekozenter.lu\/fr\/"},{"@type":"ListItem","position":2,"name":"cookie-policy"}]},{"@type":"WebSite","@id":"https:\/\/haus.oekozenter.lu\/#website","url":"https:\/\/haus.oekozenter.lu\/","name":"Haus","description":"Un site utilisant Mouvement \u00e9cologique Global","potentialAction":[{"@type":"SearchAction","target":{"@type":"EntryPoint","urlTemplate":"https:\/\/haus.oekozenter.lu\/?s={search_term_string}"},"query-input":{"@type":"PropertyValueSpecification","valueRequired":true,"valueName":"search_term_string"}}],"inLanguage":"fr-FR"}]}},"_links":{"self":[{"href":"https:\/\/haus.oekozenter.lu\/fr\/wp-json\/wp\/v2\/pages\/3757","targetHints":{"allow":["GET"]}}],"collection":[{"href":"https:\/\/haus.oekozenter.lu\/fr\/wp-json\/wp\/v2\/pages"}],"about":[{"href":"https:\/\/haus.oekozenter.lu\/fr\/wp-json\/wp\/v2\/types\/page"}],"author":[{"embeddable":true,"href":"https:\/\/haus.oekozenter.lu\/fr\/wp-json\/wp\/v2\/users\/1"}],"replies":[{"embeddable":true,"href":"https:\/\/haus.oekozenter.lu\/fr\/wp-json\/wp\/v2\/comments?post=3757"}],"version-history":[{"count":0,"href":"https:\/\/haus.oekozenter.lu\/fr\/wp-json\/wp\/v2\/pages\/3757\/revisions"}],"wp:attachment":[{"href":"https:\/\/haus.oekozenter.lu\/fr\/wp-json\/wp\/v2\/media?parent=3757"}],"curies":[{"name":"wp","href":"https:\/\/api.w.org\/{rel}","templated":true}]}}